{"id":3993,"date":"2026-01-29T16:43:46","date_gmt":"2026-01-29T16:43:46","guid":{"rendered":"https:\/\/bassenuts.com\/?post_type=product&#038;p=3993"},"modified":"2026-03-11T18:12:08","modified_gmt":"2026-03-11T18:12:08","slug":"fuel-bouchees-proteinees-arachides-croquantes","status":"publish","type":"product","link":"https:\/\/bassenuts.com\/fr\/product\/fuel-bouchees-proteinees-arachides-croquantes\/","title":{"rendered":"F\u00dcEL BOUCH\u00c9ES PROT\u00c9IN\u00c9ES &#8211; ARACHIDES CROQUANTES"},"content":{"rendered":"<p><strong>Croquantes et puissantes<\/strong><\/p>\n<p>Saveur d\u2019arachides r\u00f4ties avec une touche de douceur naturelle, offrant un profil de go\u00fbt riche et satisfaisant. Chaque portion fournit 8 g de prot\u00e9ines v\u00e9g\u00e9tales pour soutenir l\u2019\u00e9nergie et la performance au quotidien\u2014id\u00e9al pour les consommateurs \u00e0 la recherche d\u2019une collation meilleure pour eux, au go\u00fbt indulgent.<\/p>\n","protected":false},"featured_media":3973,"template":"","product-category":[230],"class_list":["post-3993","product","type-product","status-publish","has-post-thumbnail","hentry","product-category-essentiels-quotidiens"],"acf":[],"aioseo_notices":[],"_links":{"self":[{"href":"https:\/\/bassenuts.com\/fr\/wp-json\/wp\/v2\/product\/3993","targetHints":{"allow":["GET"]}}],"collection":[{"href":"https:\/\/bassenuts.com\/fr\/wp-json\/wp\/v2\/product"}],"about":[{"href":"https:\/\/bassenuts.com\/fr\/wp-json\/wp\/v2\/types\/product"}],"wp:featuredmedia":[{"embeddable":true,"href":"https:\/\/bassenuts.com\/fr\/wp-json\/wp\/v2\/media\/3973"}],"wp:attachment":[{"href":"https:\/\/bassenuts.com\/fr\/wp-json\/wp\/v2\/media?parent=3993"}],"wp:term":[{"taxonomy":"product-category","embeddable":true,"href":"https:\/\/bassenuts.com\/fr\/wp-json\/wp\/v2\/product-category?post=3993"}],"curies":[{"name":"wp","href":"https:\/\/api.w.org\/{rel}","templated":true}]}}