{"id":3991,"date":"2026-01-29T16:43:46","date_gmt":"2026-01-29T16:43:46","guid":{"rendered":"https:\/\/bassenuts.com\/?post_type=product&#038;p=3991"},"modified":"2026-01-29T21:29:42","modified_gmt":"2026-01-29T21:29:42","slug":"fuel-bouchees-proteinees-canneberges-chocolatees","status":"publish","type":"product","link":"https:\/\/bassenuts.com\/fr\/product\/fuel-bouchees-proteinees-canneberges-chocolatees\/","title":{"rendered":"F\u00dcEL BOUCH\u00c9ES PROTEIN\u00c9ES &#8211; CANNEBERGES CHOCOLAT\u00c9ES"},"content":{"rendered":"<p><strong>\u00c9nergie activ\u00e9e !<\/strong><\/p>\n<p>Un m\u00e9lange \u00e9quilibr\u00e9 \u00e0 saveur de canneberges et de chocolat, offrant un profil sucr\u00e9 et l\u00e9g\u00e8rement acidul\u00e9. Chaque portion fournit 8 g de prot\u00e9ines v\u00e9g\u00e9tales pour soutenir l\u2019\u00e9nergie et la performance au quotidien \u2014 id\u00e9al pour les consommateurs \u00e0 la recherche d\u2019une collation meilleure pour eux, au go\u00fbt riche.<\/p>\n","protected":false},"featured_media":3977,"template":"","product-category":[230],"class_list":["post-3991","product","type-product","status-publish","has-post-thumbnail","hentry","product-category-essentiels-quotidiens"],"acf":[],"aioseo_notices":[],"_links":{"self":[{"href":"https:\/\/bassenuts.com\/fr\/wp-json\/wp\/v2\/product\/3991","targetHints":{"allow":["GET"]}}],"collection":[{"href":"https:\/\/bassenuts.com\/fr\/wp-json\/wp\/v2\/product"}],"about":[{"href":"https:\/\/bassenuts.com\/fr\/wp-json\/wp\/v2\/types\/product"}],"wp:featuredmedia":[{"embeddable":true,"href":"https:\/\/bassenuts.com\/fr\/wp-json\/wp\/v2\/media\/3977"}],"wp:attachment":[{"href":"https:\/\/bassenuts.com\/fr\/wp-json\/wp\/v2\/media?parent=3991"}],"wp:term":[{"taxonomy":"product-category","embeddable":true,"href":"https:\/\/bassenuts.com\/fr\/wp-json\/wp\/v2\/product-category?post=3991"}],"curies":[{"name":"wp","href":"https:\/\/api.w.org\/{rel}","templated":true}]}}