{"id":3989,"date":"2026-01-29T16:43:46","date_gmt":"2026-01-29T16:43:46","guid":{"rendered":"https:\/\/bassenuts.com\/?post_type=product&#038;p=3989"},"modified":"2026-01-29T21:26:53","modified_gmt":"2026-01-29T21:26:53","slug":"fuel-bouchees-proteinees-melange-montagnard","status":"publish","type":"product","link":"https:\/\/bassenuts.com\/fr\/product\/fuel-bouchees-proteinees-melange-montagnard\/","title":{"rendered":"F\u00dcEL BOUCH\u00c9ES PROT\u00c9IN\u00c9ES &#8211; M\u00c9LANGE MONTAGNARD"},"content":{"rendered":"<p><strong>\u00c9nergie maximale pour les d\u00e9fis quotidiens<\/strong><\/p>\n<p>Une collation compacte et riche en prot\u00e9ines, compos\u00e9e de noix, de graines et de fruits s\u00e9ch\u00e9s, offrant 8 g de prot\u00e9ines v\u00e9g\u00e9tales par portion. Un format portable et en bouch\u00e9es, con\u00e7u pour les consommateurs actifs \u00e0 la recherche de collations fonctionnelles et meilleures pour eux.<\/p>\n","protected":false},"featured_media":3979,"template":"","product-category":[230],"class_list":["post-3989","product","type-product","status-publish","has-post-thumbnail","hentry","product-category-essentiels-quotidiens"],"acf":[],"aioseo_notices":[],"_links":{"self":[{"href":"https:\/\/bassenuts.com\/fr\/wp-json\/wp\/v2\/product\/3989","targetHints":{"allow":["GET"]}}],"collection":[{"href":"https:\/\/bassenuts.com\/fr\/wp-json\/wp\/v2\/product"}],"about":[{"href":"https:\/\/bassenuts.com\/fr\/wp-json\/wp\/v2\/types\/product"}],"wp:featuredmedia":[{"embeddable":true,"href":"https:\/\/bassenuts.com\/fr\/wp-json\/wp\/v2\/media\/3979"}],"wp:attachment":[{"href":"https:\/\/bassenuts.com\/fr\/wp-json\/wp\/v2\/media?parent=3989"}],"wp:term":[{"taxonomy":"product-category","embeddable":true,"href":"https:\/\/bassenuts.com\/fr\/wp-json\/wp\/v2\/product-category?post=3989"}],"curies":[{"name":"wp","href":"https:\/\/api.w.org\/{rel}","templated":true}]}}