{"id":3870,"date":"2025-03-27T05:05:40","date_gmt":"2025-03-27T05:05:40","guid":{"rendered":"https:\/\/bassenuts.com\/?post_type=product&#038;p=3870"},"modified":"2025-11-20T22:18:29","modified_gmt":"2025-11-20T22:18:29","slug":"melange-montagnard-festin-chocolate","status":"publish","type":"product","link":"https:\/\/bassenuts.com\/fr\/product\/melange-montagnard-festin-chocolate\/","title":{"rendered":"M\u00c9LANGE MONTAGNARD FESTIN CHOCOLAT\u00c9"},"content":{"rendered":"<p>Le\u00a0<b>M\u00e9lange Montagnard Festin Chocolat\u00e9<\/b> de Bass\u00e9 est rempli d&rsquo;arachides r\u00f4ties, pralin\u00e9es et \u00e0 saveur de chocolat noir, et de confiseries au go\u00fbt de guimauve et \u00e0 saveur de chocolat, id\u00e9al pour recevoir durant le temps des f\u00eates.<\/p>\n","protected":false},"featured_media":3805,"template":"","product-category":[219],"class_list":["post-3870","product","type-product","status-publish","has-post-thumbnail","hentry","product-category-produits-saisonniers"],"acf":[],"aioseo_notices":[],"_links":{"self":[{"href":"https:\/\/bassenuts.com\/fr\/wp-json\/wp\/v2\/product\/3870","targetHints":{"allow":["GET"]}}],"collection":[{"href":"https:\/\/bassenuts.com\/fr\/wp-json\/wp\/v2\/product"}],"about":[{"href":"https:\/\/bassenuts.com\/fr\/wp-json\/wp\/v2\/types\/product"}],"wp:featuredmedia":[{"embeddable":true,"href":"https:\/\/bassenuts.com\/fr\/wp-json\/wp\/v2\/media\/3805"}],"wp:attachment":[{"href":"https:\/\/bassenuts.com\/fr\/wp-json\/wp\/v2\/media?parent=3870"}],"wp:term":[{"taxonomy":"product-category","embeddable":true,"href":"https:\/\/bassenuts.com\/fr\/wp-json\/wp\/v2\/product-category?post=3870"}],"curies":[{"name":"wp","href":"https:\/\/api.w.org\/{rel}","templated":true}]}}