{"id":3868,"date":"2025-03-27T05:10:29","date_gmt":"2025-03-27T05:10:29","guid":{"rendered":"https:\/\/bassenuts.com\/?post_type=product&#038;p=3868"},"modified":"2025-11-20T22:14:15","modified_gmt":"2025-11-20T22:14:15","slug":"melange-festif","status":"publish","type":"product","link":"https:\/\/bassenuts.com\/fr\/product\/melange-festif\/","title":{"rendered":"M\u00c9LANGE FESTIF"},"content":{"rendered":"<p>Le\u00a0<b>M\u00e9lange Festif<\/b> de Bass\u00e9 est une d\u00e9licieuse collation remplie d&rsquo;arachides r\u00f4ties croquantes, d&rsquo;arachides enrob\u00e9es de sucre rouge, de confiseries \u00e0 saveur de chocolat, de raisins secs au yogourt cr\u00e9meux et de p\u00e9pites confettis color\u00e9es, id\u00e9ale pour recevoir durant le temps des f\u00eates.<\/p>\n","protected":false},"featured_media":3807,"template":"","product-category":[219],"class_list":["post-3868","product","type-product","status-publish","has-post-thumbnail","hentry","product-category-produits-saisonniers"],"acf":[],"aioseo_notices":[],"_links":{"self":[{"href":"https:\/\/bassenuts.com\/fr\/wp-json\/wp\/v2\/product\/3868","targetHints":{"allow":["GET"]}}],"collection":[{"href":"https:\/\/bassenuts.com\/fr\/wp-json\/wp\/v2\/product"}],"about":[{"href":"https:\/\/bassenuts.com\/fr\/wp-json\/wp\/v2\/types\/product"}],"wp:featuredmedia":[{"embeddable":true,"href":"https:\/\/bassenuts.com\/fr\/wp-json\/wp\/v2\/media\/3807"}],"wp:attachment":[{"href":"https:\/\/bassenuts.com\/fr\/wp-json\/wp\/v2\/media?parent=3868"}],"wp:term":[{"taxonomy":"product-category","embeddable":true,"href":"https:\/\/bassenuts.com\/fr\/wp-json\/wp\/v2\/product-category?post=3868"}],"curies":[{"name":"wp","href":"https:\/\/api.w.org\/{rel}","templated":true}]}}