{"id":3866,"date":"2025-03-27T05:20:55","date_gmt":"2025-03-27T05:20:55","guid":{"rendered":"https:\/\/bassenuts.com\/?post_type=product&#038;p=3866"},"modified":"2025-11-20T22:07:55","modified_gmt":"2025-11-20T22:07:55","slug":"melange-festif-zesty","status":"publish","type":"product","link":"https:\/\/bassenuts.com\/fr\/product\/melange-festif-zesty\/","title":{"rendered":"M\u00c9LANGE FESTIF ZESTY"},"content":{"rendered":"<p>Le <b>M\u00e9lange Festif Zesty<\/b> de Bass\u00e9 est une combinaison audacieuse et app\u00e9tissante d&rsquo;arachides r\u00f4ties et au barbecue, de bretzels, de b\u00e2tonnets de s\u00e9same, de ma\u00efs grill\u00e9, et de croustilles de ma\u00efs et de lin, id\u00e9al pour recevoir durant le temps des f\u00eates.<\/p>\n","protected":false},"featured_media":3811,"template":"","product-category":[219],"class_list":["post-3866","product","type-product","status-publish","has-post-thumbnail","hentry","product-category-produits-saisonniers"],"acf":[],"aioseo_notices":[],"_links":{"self":[{"href":"https:\/\/bassenuts.com\/fr\/wp-json\/wp\/v2\/product\/3866","targetHints":{"allow":["GET"]}}],"collection":[{"href":"https:\/\/bassenuts.com\/fr\/wp-json\/wp\/v2\/product"}],"about":[{"href":"https:\/\/bassenuts.com\/fr\/wp-json\/wp\/v2\/types\/product"}],"wp:featuredmedia":[{"embeddable":true,"href":"https:\/\/bassenuts.com\/fr\/wp-json\/wp\/v2\/media\/3811"}],"wp:attachment":[{"href":"https:\/\/bassenuts.com\/fr\/wp-json\/wp\/v2\/media?parent=3866"}],"wp:term":[{"taxonomy":"product-category","embeddable":true,"href":"https:\/\/bassenuts.com\/fr\/wp-json\/wp\/v2\/product-category?post=3866"}],"curies":[{"name":"wp","href":"https:\/\/api.w.org\/{rel}","templated":true}]}}