{"id":3862,"date":"2025-11-27T21:24:49","date_gmt":"2025-11-27T21:24:49","guid":{"rendered":"https:\/\/bassenuts.com\/?post_type=product&#038;p=3862"},"modified":"2025-12-02T16:21:25","modified_gmt":"2025-12-02T16:21:25","slug":"melange-decadent","status":"publish","type":"product","link":"https:\/\/bassenuts.com\/fr\/product\/melange-decadent\/","title":{"rendered":"M\u00c9LANGE D\u00c9CADENT"},"content":{"rendered":"<p>SUCR\u00c9, SAL\u00c9, SIMPLEMENT D\u00c9LICIEUX !<\/p>\n<p>Le m\u00e9lange D\u00c9CADENT de Bass\u00e9 regorge de noix croquantes et de minis NESTL\u00c9\u1d39\u1d30 TURTLES\u1d39\u1d30 chocolat\u00e9es. Chaque bouch\u00e9e est un petit morceau de magie gourmande. Prenez-en une poign\u00e9e, la joie sera au rendez-vous !<\/p>\n","protected":false},"featured_media":3817,"template":"","product-category":[224],"class_list":["post-3862","product","type-product","status-publish","has-post-thumbnail","hentry","product-category-edition-limitee"],"acf":[],"aioseo_notices":[],"_links":{"self":[{"href":"https:\/\/bassenuts.com\/fr\/wp-json\/wp\/v2\/product\/3862","targetHints":{"allow":["GET"]}}],"collection":[{"href":"https:\/\/bassenuts.com\/fr\/wp-json\/wp\/v2\/product"}],"about":[{"href":"https:\/\/bassenuts.com\/fr\/wp-json\/wp\/v2\/types\/product"}],"wp:featuredmedia":[{"embeddable":true,"href":"https:\/\/bassenuts.com\/fr\/wp-json\/wp\/v2\/media\/3817"}],"wp:attachment":[{"href":"https:\/\/bassenuts.com\/fr\/wp-json\/wp\/v2\/media?parent=3862"}],"wp:term":[{"taxonomy":"product-category","embeddable":true,"href":"https:\/\/bassenuts.com\/fr\/wp-json\/wp\/v2\/product-category?post=3862"}],"curies":[{"name":"wp","href":"https:\/\/api.w.org\/{rel}","templated":true}]}}