{"id":3860,"date":"2025-11-27T21:25:41","date_gmt":"2025-11-27T21:25:41","guid":{"rendered":"https:\/\/bassenuts.com\/?post_type=product&#038;p=3860"},"modified":"2025-12-02T16:26:13","modified_gmt":"2025-12-02T16:26:13","slug":"melange-lattewow","status":"publish","type":"product","link":"https:\/\/bassenuts.com\/fr\/product\/melange-lattewow\/","title":{"rendered":"M\u00c9LANGE LATTEWOW"},"content":{"rendered":"<p>UNE PAUSE CAF\u00c9 CROUSTILLANTE !<\/p>\n<p>Le m\u00e9lange LATTEWOW de Bass\u00e9 fait avec NESTL\u00c9\u1d39\u1d30 COFFEE CRISPS POPS\u1d39\u1d30 est l\u2019excuse parfaite pour une pause gourmande pour savourer ce d\u00e9lice onctueux au go\u00fbt de caf\u00e9, n\u2019importe o\u00f9, n\u2019importe quand.<\/p>\n","protected":false},"featured_media":3823,"template":"","product-category":[224],"class_list":["post-3860","product","type-product","status-publish","has-post-thumbnail","hentry","product-category-edition-limitee"],"acf":[],"aioseo_notices":[],"_links":{"self":[{"href":"https:\/\/bassenuts.com\/fr\/wp-json\/wp\/v2\/product\/3860","targetHints":{"allow":["GET"]}}],"collection":[{"href":"https:\/\/bassenuts.com\/fr\/wp-json\/wp\/v2\/product"}],"about":[{"href":"https:\/\/bassenuts.com\/fr\/wp-json\/wp\/v2\/types\/product"}],"wp:featuredmedia":[{"embeddable":true,"href":"https:\/\/bassenuts.com\/fr\/wp-json\/wp\/v2\/media\/3823"}],"wp:attachment":[{"href":"https:\/\/bassenuts.com\/fr\/wp-json\/wp\/v2\/media?parent=3860"}],"wp:term":[{"taxonomy":"product-category","embeddable":true,"href":"https:\/\/bassenuts.com\/fr\/wp-json\/wp\/v2\/product-category?post=3860"}],"curies":[{"name":"wp","href":"https:\/\/api.w.org\/{rel}","templated":true}]}}