{"id":3858,"date":"2025-11-27T21:25:50","date_gmt":"2025-11-27T21:25:50","guid":{"rendered":"https:\/\/bassenuts.com\/?post_type=product&#038;p=3858"},"modified":"2025-12-02T16:23:13","modified_gmt":"2025-12-02T16:23:13","slug":"melange-dolcewow","status":"publish","type":"product","link":"https:\/\/bassenuts.com\/fr\/product\/melange-dolcewow\/","title":{"rendered":"M\u00c9LANGE DOLCEWOW"},"content":{"rendered":"<p>UNE PAUSE CAF\u00c9 CROUSTILLANTE !<\/p>\n<p>Le m\u00e9lange DOLCEWOW de Bass\u00e9 fait avec NESTL\u00c9\u1d39\u1d30 COFFEE CRISPS POPS\u1d39\u1d30 est l\u2019excuse parfaite pour une pause gourmande pour savourer ce d\u00e9lice onctueux au go\u00fbt de caf\u00e9, n\u2019importe o\u00f9, n\u2019importe quand.<\/p>\n","protected":false},"featured_media":3827,"template":"","product-category":[224],"class_list":["post-3858","product","type-product","status-publish","has-post-thumbnail","hentry","product-category-edition-limitee"],"acf":[],"aioseo_notices":[],"_links":{"self":[{"href":"https:\/\/bassenuts.com\/fr\/wp-json\/wp\/v2\/product\/3858","targetHints":{"allow":["GET"]}}],"collection":[{"href":"https:\/\/bassenuts.com\/fr\/wp-json\/wp\/v2\/product"}],"about":[{"href":"https:\/\/bassenuts.com\/fr\/wp-json\/wp\/v2\/types\/product"}],"wp:featuredmedia":[{"embeddable":true,"href":"https:\/\/bassenuts.com\/fr\/wp-json\/wp\/v2\/media\/3827"}],"wp:attachment":[{"href":"https:\/\/bassenuts.com\/fr\/wp-json\/wp\/v2\/media?parent=3858"}],"wp:term":[{"taxonomy":"product-category","embeddable":true,"href":"https:\/\/bassenuts.com\/fr\/wp-json\/wp\/v2\/product-category?post=3858"}],"curies":[{"name":"wp","href":"https:\/\/api.w.org\/{rel}","templated":true}]}}