{"id":3486,"date":"2025-03-10T17:12:25","date_gmt":"2025-03-10T17:12:25","guid":{"rendered":"https:\/\/bassenuts.com\/?post_type=product&#038;p=3486"},"modified":"2025-07-21T18:27:55","modified_gmt":"2025-07-21T18:27:55","slug":"melange-festif-100-g","status":"publish","type":"product","link":"https:\/\/bassenuts.com\/fr\/product\/melange-festif-100-g\/","title":{"rendered":"M\u00c9LANGE FESTIF &#8211; 100g"},"content":{"rendered":"<p>Le\u00a0<em><strong>M\u00e9lange Festif<\/strong><\/em> de Bass\u00e9 est une combinaison color\u00e9e d\u2019arachides croquantes r\u00f4ties et enrob\u00e9es de sucre rouge, de confiseries \u00e0 saveur de chocolat noir, de raisins secs au yogourt et de p\u00e9pites confettis. Cette collation peut \u00eatre d\u00e9gust\u00e9e dans un format pratique de 100 g, id\u00e9al pour les machines distributrices et les d\u00e9panneurs.<\/p>\n","protected":false},"featured_media":3478,"template":"","product-category":[22,219],"class_list":["post-3486","product","type-product","status-publish","has-post-thumbnail","hentry","product-category-collations-pratiques","product-category-produits-saisonniers"],"acf":[],"aioseo_notices":[],"_links":{"self":[{"href":"https:\/\/bassenuts.com\/fr\/wp-json\/wp\/v2\/product\/3486","targetHints":{"allow":["GET"]}}],"collection":[{"href":"https:\/\/bassenuts.com\/fr\/wp-json\/wp\/v2\/product"}],"about":[{"href":"https:\/\/bassenuts.com\/fr\/wp-json\/wp\/v2\/types\/product"}],"wp:featuredmedia":[{"embeddable":true,"href":"https:\/\/bassenuts.com\/fr\/wp-json\/wp\/v2\/media\/3478"}],"wp:attachment":[{"href":"https:\/\/bassenuts.com\/fr\/wp-json\/wp\/v2\/media?parent=3486"}],"wp:term":[{"taxonomy":"product-category","embeddable":true,"href":"https:\/\/bassenuts.com\/fr\/wp-json\/wp\/v2\/product-category?post=3486"}],"curies":[{"name":"wp","href":"https:\/\/api.w.org\/{rel}","templated":true}]}}