{"id":2526,"date":"2025-03-27T05:24:23","date_gmt":"2025-03-27T05:24:23","guid":{"rendered":"https:\/\/bassenuts.com\/product\/holiday-nut-mix\/"},"modified":"2025-07-21T18:23:02","modified_gmt":"2025-07-21T18:23:02","slug":"melange-montagnard-festin-chocolate-198g","status":"publish","type":"product","link":"https:\/\/bassenuts.com\/fr\/product\/melange-montagnard-festin-chocolate-198g\/","title":{"rendered":"M\u00c9LANGE MONTAGNARD FESTIN CHOCOLAT\u00c9 &#8211; 198g"},"content":{"rendered":"<p>Le <em><strong>M\u00e9lange Montagnard Festin Chocolat\u00e9<\/strong><\/em> de Bass\u00e9 est une d\u00e9licieuse combinaison d&rsquo;arachides r\u00f4ties, pralin\u00e9es et \u00e0 enrobage \u00e0 saveur de chocolat noir, de confiseries \u00e0 saveur de chocolat noir et de morceaux de confiseries au go\u00fbt de guimauve, id\u00e9al pour recevoir durant le temps des f\u00eates.<\/p>\n","protected":false},"featured_media":3427,"template":"","product-category":[219],"class_list":["post-2526","product","type-product","status-publish","has-post-thumbnail","hentry","product-category-produits-saisonniers"],"acf":[],"aioseo_notices":[],"_links":{"self":[{"href":"https:\/\/bassenuts.com\/fr\/wp-json\/wp\/v2\/product\/2526","targetHints":{"allow":["GET"]}}],"collection":[{"href":"https:\/\/bassenuts.com\/fr\/wp-json\/wp\/v2\/product"}],"about":[{"href":"https:\/\/bassenuts.com\/fr\/wp-json\/wp\/v2\/types\/product"}],"wp:featuredmedia":[{"embeddable":true,"href":"https:\/\/bassenuts.com\/fr\/wp-json\/wp\/v2\/media\/3427"}],"wp:attachment":[{"href":"https:\/\/bassenuts.com\/fr\/wp-json\/wp\/v2\/media?parent=2526"}],"wp:term":[{"taxonomy":"product-category","embeddable":true,"href":"https:\/\/bassenuts.com\/fr\/wp-json\/wp\/v2\/product-category?post=2526"}],"curies":[{"name":"wp","href":"https:\/\/api.w.org\/{rel}","templated":true}]}}