{"id":2523,"date":"2025-03-27T05:26:14","date_gmt":"2025-03-27T05:26:14","guid":{"rendered":"https:\/\/bassenuts.com\/product\/party-mix\/"},"modified":"2025-07-21T18:15:44","modified_gmt":"2025-07-21T18:15:44","slug":"melange-festif-198-g","status":"publish","type":"product","link":"https:\/\/bassenuts.com\/fr\/product\/melange-festif-198-g\/","title":{"rendered":"M\u00c9LANGE FESTIF &#8211; 198g"},"content":{"rendered":"<p>Le <em><strong>M\u00e9lange Festif<\/strong><\/em> de Bass\u00e9 est une combinaison color\u00e9e d&rsquo;arachides croquantes r\u00f4ties et enrob\u00e9es de sucre rouge, de confiseries \u00e0 saveur de chocolat noir, de raisins secs au yogourt et de p\u00e9pites confettis. Ce m\u00e9lange de noix aux \u00e9l\u00e9ments sucr\u00e9s est id\u00e9al pour recevoir durant le temps des f\u00eates.<\/p>\n","protected":false},"featured_media":3425,"template":"","product-category":[219],"class_list":["post-2523","product","type-product","status-publish","has-post-thumbnail","hentry","product-category-produits-saisonniers"],"acf":[],"aioseo_notices":[],"_links":{"self":[{"href":"https:\/\/bassenuts.com\/fr\/wp-json\/wp\/v2\/product\/2523","targetHints":{"allow":["GET"]}}],"collection":[{"href":"https:\/\/bassenuts.com\/fr\/wp-json\/wp\/v2\/product"}],"about":[{"href":"https:\/\/bassenuts.com\/fr\/wp-json\/wp\/v2\/types\/product"}],"wp:featuredmedia":[{"embeddable":true,"href":"https:\/\/bassenuts.com\/fr\/wp-json\/wp\/v2\/media\/3425"}],"wp:attachment":[{"href":"https:\/\/bassenuts.com\/fr\/wp-json\/wp\/v2\/media?parent=2523"}],"wp:term":[{"taxonomy":"product-category","embeddable":true,"href":"https:\/\/bassenuts.com\/fr\/wp-json\/wp\/v2\/product-category?post=2523"}],"curies":[{"name":"wp","href":"https:\/\/api.w.org\/{rel}","templated":true}]}}