{"id":2520,"date":"2025-03-27T05:27:50","date_gmt":"2025-03-27T05:27:50","guid":{"rendered":"https:\/\/bassenuts.com\/?post_type=product&#038;p=2520"},"modified":"2025-07-21T16:16:44","modified_gmt":"2025-07-21T16:16:44","slug":"melange-bonheur","status":"publish","type":"product","link":"https:\/\/bassenuts.com\/fr\/product\/melange-bonheur\/","title":{"rendered":"M\u00c9LANGE BONHEUR"},"content":{"rendered":"<p>Le <em><strong>M\u00e9lange Bonheur <\/strong><\/em>de Bass\u00e9 est un d\u00e9lice sucr\u00e9 et sal\u00e9 qui combine des arachides r\u00f4ties et enrob\u00e9es de sucre rouge, des bretzels, des confiseries \u00e0 saveur de chocolat noir, le tout agr\u00e9ment\u00e9 d&rsquo;amandes et de noix de cajou r\u00f4ties. Ce m\u00e9lange riche et savoureux offre un \u00e9quilibre parfait de croquant, de sucr\u00e9 et de sal\u00e9. Id\u00e9al pour les collations ou les r\u00e9ceptions durant le temps des f\u00eates.<\/p>\n","protected":false},"featured_media":3423,"template":"","product-category":[219],"class_list":["post-2520","product","type-product","status-publish","has-post-thumbnail","hentry","product-category-produits-saisonniers"],"acf":[],"aioseo_notices":[],"_links":{"self":[{"href":"https:\/\/bassenuts.com\/fr\/wp-json\/wp\/v2\/product\/2520","targetHints":{"allow":["GET"]}}],"collection":[{"href":"https:\/\/bassenuts.com\/fr\/wp-json\/wp\/v2\/product"}],"about":[{"href":"https:\/\/bassenuts.com\/fr\/wp-json\/wp\/v2\/types\/product"}],"wp:featuredmedia":[{"embeddable":true,"href":"https:\/\/bassenuts.com\/fr\/wp-json\/wp\/v2\/media\/3423"}],"wp:attachment":[{"href":"https:\/\/bassenuts.com\/fr\/wp-json\/wp\/v2\/media?parent=2520"}],"wp:term":[{"taxonomy":"product-category","embeddable":true,"href":"https:\/\/bassenuts.com\/fr\/wp-json\/wp\/v2\/product-category?post=2520"}],"curies":[{"name":"wp","href":"https:\/\/api.w.org\/{rel}","templated":true}]}}