{"id":2505,"date":"2025-03-13T05:04:26","date_gmt":"2025-03-13T05:04:26","guid":{"rendered":"https:\/\/bassenuts.com\/product\/caramel-nut-mix\/"},"modified":"2025-07-21T18:22:10","modified_gmt":"2025-07-21T18:22:10","slug":"melange-montagnard-festin-chocolate-100g","status":"publish","type":"product","link":"https:\/\/bassenuts.com\/fr\/product\/melange-montagnard-festin-chocolate-100g\/","title":{"rendered":"M\u00c9LANGE MONTAGNARD FESTIN CHOCOLAT\u00c9 &#8211; 100g"},"content":{"rendered":"<p>Le\u00a0<em><strong>M\u00e9lange Montagnard Festin Chocolat\u00e9<\/strong><\/em> de Bass\u00e9 est une d\u00e9licieuse combinaison d\u2019arachides r\u00f4ties, pralin\u00e9es et \u00e0 enrobage \u00e0 saveur de chocolat noir, de confiseries \u00e0 saveur de chocolat noir et de morceaux de confiseries au go\u00fbt de guimauve. Cette collation peut \u00eatre d\u00e9gust\u00e9e dans un format pratique de 100 g, id\u00e9al pour les machines distributrices et les d\u00e9panneurs.<\/p>\n","protected":false},"featured_media":3482,"template":"","product-category":[22,219],"class_list":["post-2505","product","type-product","status-publish","has-post-thumbnail","hentry","product-category-collations-pratiques","product-category-produits-saisonniers"],"acf":[],"aioseo_notices":[],"_links":{"self":[{"href":"https:\/\/bassenuts.com\/fr\/wp-json\/wp\/v2\/product\/2505","targetHints":{"allow":["GET"]}}],"collection":[{"href":"https:\/\/bassenuts.com\/fr\/wp-json\/wp\/v2\/product"}],"about":[{"href":"https:\/\/bassenuts.com\/fr\/wp-json\/wp\/v2\/types\/product"}],"wp:featuredmedia":[{"embeddable":true,"href":"https:\/\/bassenuts.com\/fr\/wp-json\/wp\/v2\/media\/3482"}],"wp:attachment":[{"href":"https:\/\/bassenuts.com\/fr\/wp-json\/wp\/v2\/media?parent=2505"}],"wp:term":[{"taxonomy":"product-category","embeddable":true,"href":"https:\/\/bassenuts.com\/fr\/wp-json\/wp\/v2\/product-category?post=2505"}],"curies":[{"name":"wp","href":"https:\/\/api.w.org\/{rel}","templated":true}]}}