{"id":1499,"date":"2025-03-28T20:17:13","date_gmt":"2025-03-28T20:17:13","guid":{"rendered":"https:\/\/bassenuts.com\/?post_type=product&#038;p=1499"},"modified":"2025-06-05T06:00:11","modified_gmt":"2025-06-05T06:00:11","slug":"noisettes-crues","status":"publish","type":"product","link":"https:\/\/bassenuts.com\/fr\/product\/noisettes-crues\/","title":{"rendered":"NOISETTES CRUES"},"content":{"rendered":"<p>Les <em><strong>Noisettes Crues<\/strong><\/em> de Bas\u00e9 sont une d\u00e9licieuse collation, remplies de fibres et de mineraux. Elles sont le compl\u00e9ment id\u00e9al pour une vari\u00e9t\u00e9 de recettes et peuvent \u00e9galement \u00eatre utilis\u00e9es pour cr\u00e9er de la farine ou du beurre de noix maison.<\/p>\n","protected":false},"featured_media":3009,"template":"","product-category":[23],"class_list":["post-1499","product","type-product","status-publish","has-post-thumbnail","hentry","product-category-format-club"],"acf":[],"aioseo_notices":[],"_links":{"self":[{"href":"https:\/\/bassenuts.com\/fr\/wp-json\/wp\/v2\/product\/1499","targetHints":{"allow":["GET"]}}],"collection":[{"href":"https:\/\/bassenuts.com\/fr\/wp-json\/wp\/v2\/product"}],"about":[{"href":"https:\/\/bassenuts.com\/fr\/wp-json\/wp\/v2\/types\/product"}],"wp:featuredmedia":[{"embeddable":true,"href":"https:\/\/bassenuts.com\/fr\/wp-json\/wp\/v2\/media\/3009"}],"wp:attachment":[{"href":"https:\/\/bassenuts.com\/fr\/wp-json\/wp\/v2\/media?parent=1499"}],"wp:term":[{"taxonomy":"product-category","embeddable":true,"href":"https:\/\/bassenuts.com\/fr\/wp-json\/wp\/v2\/product-category?post=1499"}],"curies":[{"name":"wp","href":"https:\/\/api.w.org\/{rel}","templated":true}]}}