{"id":1122,"date":"2025-03-28T21:18:00","date_gmt":"2025-03-28T21:18:00","guid":{"rendered":"https:\/\/bassenuts.com\/product\/ultimate-bar-mix\/"},"modified":"2025-06-05T07:17:31","modified_gmt":"2025-06-05T07:17:31","slug":"melange-bar-ultime","status":"publish","type":"product","link":"https:\/\/bassenuts.com\/fr\/product\/melange-bar-ultime\/","title":{"rendered":"M\u00c9LANGE BAR ULTIME"},"content":{"rendered":"<p>Le <em><strong>M\u00e9lange Bar Ultime<\/strong><\/em> de Bass\u00e9 est une savoureuse combinaison d&rsquo;arachides au barbecue, de bretzels sal\u00e9s, de ma\u00efs grill\u00e9, de b\u00e2tonnets de s\u00e9same, de croustilles de ma\u00efs et de b\u00e2tonnets au fromage cheddar et chipotle. Cette collation est d\u00e9licieusement sal\u00e9e et id\u00e9ale pour recevoir des invit\u00e9s \u00e0 la maison.<\/p>\n","protected":false},"featured_media":3072,"template":"","product-category":[18],"class_list":["post-1122","product","type-product","status-publish","has-post-thumbnail","hentry","product-category-melanges-montagnards"],"acf":[],"aioseo_notices":[],"_links":{"self":[{"href":"https:\/\/bassenuts.com\/fr\/wp-json\/wp\/v2\/product\/1122","targetHints":{"allow":["GET"]}}],"collection":[{"href":"https:\/\/bassenuts.com\/fr\/wp-json\/wp\/v2\/product"}],"about":[{"href":"https:\/\/bassenuts.com\/fr\/wp-json\/wp\/v2\/types\/product"}],"wp:featuredmedia":[{"embeddable":true,"href":"https:\/\/bassenuts.com\/fr\/wp-json\/wp\/v2\/media\/3072"}],"wp:attachment":[{"href":"https:\/\/bassenuts.com\/fr\/wp-json\/wp\/v2\/media?parent=1122"}],"wp:term":[{"taxonomy":"product-category","embeddable":true,"href":"https:\/\/bassenuts.com\/fr\/wp-json\/wp\/v2\/product-category?post=1122"}],"curies":[{"name":"wp","href":"https:\/\/api.w.org\/{rel}","templated":true}]}}