{"id":1121,"date":"2025-03-28T21:21:07","date_gmt":"2025-03-28T21:21:07","guid":{"rendered":"https:\/\/bassenuts.com\/product\/west-coast-mix\/"},"modified":"2025-06-05T12:02:04","modified_gmt":"2025-06-05T12:02:04","slug":"melange-cote-ouest","status":"publish","type":"product","link":"https:\/\/bassenuts.com\/fr\/product\/melange-cote-ouest\/","title":{"rendered":"M\u00c9LANGE C\u00d4TE OUEST"},"content":{"rendered":"<p>Le <em><strong>M\u00e9lange C\u00f4te Ouest<\/strong> <\/em>de Bass\u00e9 est un m\u00e9lange savoureux d&rsquo;arachides et de noix de cajou r\u00f4ties, de raisins secs moelleux et de canneberges s\u00e9ch\u00e9es, accompagn\u00e9 de savoureuses p\u00e9pites de yogourt et de morceaux de chocolat noir. Cet en-cas offre une savoureuse combinaison de saveurs et de textures.<\/p>\n","protected":false},"featured_media":3311,"template":"","product-category":[18],"class_list":["post-1121","product","type-product","status-publish","has-post-thumbnail","hentry","product-category-melanges-montagnards"],"acf":[],"aioseo_notices":[],"_links":{"self":[{"href":"https:\/\/bassenuts.com\/fr\/wp-json\/wp\/v2\/product\/1121","targetHints":{"allow":["GET"]}}],"collection":[{"href":"https:\/\/bassenuts.com\/fr\/wp-json\/wp\/v2\/product"}],"about":[{"href":"https:\/\/bassenuts.com\/fr\/wp-json\/wp\/v2\/types\/product"}],"wp:featuredmedia":[{"embeddable":true,"href":"https:\/\/bassenuts.com\/fr\/wp-json\/wp\/v2\/media\/3311"}],"wp:attachment":[{"href":"https:\/\/bassenuts.com\/fr\/wp-json\/wp\/v2\/media?parent=1121"}],"wp:term":[{"taxonomy":"product-category","embeddable":true,"href":"https:\/\/bassenuts.com\/fr\/wp-json\/wp\/v2\/product-category?post=1121"}],"curies":[{"name":"wp","href":"https:\/\/api.w.org\/{rel}","templated":true}]}}