{"id":1107,"date":"2025-03-28T19:31:36","date_gmt":"2025-03-28T19:31:36","guid":{"rendered":"https:\/\/bassenuts.com\/product\/almond-lovers-mix\/"},"modified":"2025-06-04T07:10:15","modified_gmt":"2025-06-04T07:10:15","slug":"melange-amateurs-damandes","status":"publish","type":"product","link":"https:\/\/bassenuts.com\/fr\/product\/melange-amateurs-damandes\/","title":{"rendered":"M\u00c9LANGE AMATEURS D&rsquo;AMANDES"},"content":{"rendered":"\r\n<p>Le <em><strong>M\u00e9lange Amateurs d&rsquo;Amandes<\/strong><\/em> de Bass\u00e9 est une combinaison indulgente d&rsquo;amandes r\u00f4ties, blanchies, pralin\u00e9es et enrob\u00e9es de chocolat noir. Cet assortiment d&rsquo;amandes balance des saveurs riches et sucr\u00e9es, ainsi que des textures croquantes et moelleuses.<\/p>\r\n","protected":false},"featured_media":2696,"template":"","product-category":[23],"class_list":["post-1107","product","type-product","status-publish","has-post-thumbnail","hentry","product-category-format-club"],"acf":[],"aioseo_notices":[],"_links":{"self":[{"href":"https:\/\/bassenuts.com\/fr\/wp-json\/wp\/v2\/product\/1107","targetHints":{"allow":["GET"]}}],"collection":[{"href":"https:\/\/bassenuts.com\/fr\/wp-json\/wp\/v2\/product"}],"about":[{"href":"https:\/\/bassenuts.com\/fr\/wp-json\/wp\/v2\/types\/product"}],"wp:featuredmedia":[{"embeddable":true,"href":"https:\/\/bassenuts.com\/fr\/wp-json\/wp\/v2\/media\/2696"}],"wp:attachment":[{"href":"https:\/\/bassenuts.com\/fr\/wp-json\/wp\/v2\/media?parent=1107"}],"wp:term":[{"taxonomy":"product-category","embeddable":true,"href":"https:\/\/bassenuts.com\/fr\/wp-json\/wp\/v2\/product-category?post=1107"}],"curies":[{"name":"wp","href":"https:\/\/api.w.org\/{rel}","templated":true}]}}