{"id":1106,"date":"2025-03-28T20:05:40","date_gmt":"2025-03-28T20:05:40","guid":{"rendered":"https:\/\/bassenuts.com\/product\/brazil-nuts\/"},"modified":"2025-07-17T19:32:56","modified_gmt":"2025-07-17T19:32:56","slug":"noix-du-bresil","status":"publish","type":"product","link":"https:\/\/bassenuts.com\/fr\/product\/noix-du-bresil\/","title":{"rendered":"NOIX DU BR\u00c9SIL"},"content":{"rendered":"\r\n<p>Les <em><strong>Noix du Br\u00e9sil crues<\/strong><\/em> de Bass\u00e9 sont extr\u00eamement nutritives, remplies de s\u00e9l\u00e9nium et d&rsquo;antioxydants. Elles sont parfaites pour \u00eatre d\u00e9gust\u00e9es seules ou hach\u00e9es et incorpor\u00e9es dans les repas et les p\u00e2tisseries.<\/p>\r\n","protected":false},"featured_media":3374,"template":"","product-category":[23],"class_list":["post-1106","product","type-product","status-publish","has-post-thumbnail","hentry","product-category-format-club"],"acf":[],"aioseo_notices":[],"_links":{"self":[{"href":"https:\/\/bassenuts.com\/fr\/wp-json\/wp\/v2\/product\/1106","targetHints":{"allow":["GET"]}}],"collection":[{"href":"https:\/\/bassenuts.com\/fr\/wp-json\/wp\/v2\/product"}],"about":[{"href":"https:\/\/bassenuts.com\/fr\/wp-json\/wp\/v2\/types\/product"}],"wp:featuredmedia":[{"embeddable":true,"href":"https:\/\/bassenuts.com\/fr\/wp-json\/wp\/v2\/media\/3374"}],"wp:attachment":[{"href":"https:\/\/bassenuts.com\/fr\/wp-json\/wp\/v2\/media?parent=1106"}],"wp:term":[{"taxonomy":"product-category","embeddable":true,"href":"https:\/\/bassenuts.com\/fr\/wp-json\/wp\/v2\/product-category?post=1106"}],"curies":[{"name":"wp","href":"https:\/\/api.w.org\/{rel}","templated":true}]}}