{"id":1105,"date":"2025-03-28T20:06:46","date_gmt":"2025-03-28T20:06:46","guid":{"rendered":"https:\/\/bassenuts.com\/product\/canadian-maple-nuts\/"},"modified":"2025-06-05T04:47:16","modified_gmt":"2025-06-05T04:47:16","slug":"noix-a-lerable-du-canada","status":"publish","type":"product","link":"https:\/\/bassenuts.com\/fr\/product\/noix-a-lerable-du-canada\/","title":{"rendered":"NOIX \u00c0 L&rsquo;\u00c9RABLE DU CANADA \u2013 650g"},"content":{"rendered":"\r\n<p>Le <em><strong>M\u00e9lange de Noix \u00e0 l&rsquo;\u00e9rable du Canada<\/strong><\/em> de Bass\u00e9 rend hommage \u00e0 nos racines canadiennes. Nos amandes, noix de Grenoble, noisettes, noix de cajou, pistaches et pacanes de qualit\u00e9 sup\u00e9rieure sont enrob\u00e9es de sucre d&rsquo;\u00e9rable doux et d\u00e9lectable.<\/p>\r\n","protected":false},"featured_media":2922,"template":"","product-category":[23],"class_list":["post-1105","product","type-product","status-publish","has-post-thumbnail","hentry","product-category-format-club"],"acf":[],"aioseo_notices":[],"_links":{"self":[{"href":"https:\/\/bassenuts.com\/fr\/wp-json\/wp\/v2\/product\/1105","targetHints":{"allow":["GET"]}}],"collection":[{"href":"https:\/\/bassenuts.com\/fr\/wp-json\/wp\/v2\/product"}],"about":[{"href":"https:\/\/bassenuts.com\/fr\/wp-json\/wp\/v2\/types\/product"}],"wp:featuredmedia":[{"embeddable":true,"href":"https:\/\/bassenuts.com\/fr\/wp-json\/wp\/v2\/media\/2922"}],"wp:attachment":[{"href":"https:\/\/bassenuts.com\/fr\/wp-json\/wp\/v2\/media?parent=1105"}],"wp:term":[{"taxonomy":"product-category","embeddable":true,"href":"https:\/\/bassenuts.com\/fr\/wp-json\/wp\/v2\/product-category?post=1105"}],"curies":[{"name":"wp","href":"https:\/\/api.w.org\/{rel}","templated":true}]}}