{"id":1104,"date":"2025-03-28T20:17:57","date_gmt":"2025-03-28T20:17:57","guid":{"rendered":"https:\/\/bassenuts.com\/product\/caramel-sea-salt-flavoured-cashews\/"},"modified":"2025-06-05T04:53:39","modified_gmt":"2025-06-05T04:53:39","slug":"noix-de-cajou-a-saveur-de-caramel-et-sel-de-mer","status":"publish","type":"product","link":"https:\/\/bassenuts.com\/fr\/product\/noix-de-cajou-a-saveur-de-caramel-et-sel-de-mer\/","title":{"rendered":"NOIX DE CAJOU \u00c0 SAVEUR DE CARAMEL ET SEL DE MER"},"content":{"rendered":"\r\n<p>Le <strong><em>M\u00e9lange Noix de Cajou \u00e0 Saveur de Caramel et Sel de Mer<\/em><\/strong> de Bass\u00e9 offre un \u00e9quilibre parfait entre le sucr\u00e9 et le sal\u00e9. Ces noix de cajou sont id\u00e9ales pour \u00eatre d\u00e9gust\u00e9es seules ou pour rehausser la saveur de nombreux desserts.<\/p>\r\n","protected":false},"featured_media":2926,"template":"","product-category":[23],"class_list":["post-1104","product","type-product","status-publish","has-post-thumbnail","hentry","product-category-format-club"],"acf":[],"aioseo_notices":[],"_links":{"self":[{"href":"https:\/\/bassenuts.com\/fr\/wp-json\/wp\/v2\/product\/1104","targetHints":{"allow":["GET"]}}],"collection":[{"href":"https:\/\/bassenuts.com\/fr\/wp-json\/wp\/v2\/product"}],"about":[{"href":"https:\/\/bassenuts.com\/fr\/wp-json\/wp\/v2\/types\/product"}],"wp:featuredmedia":[{"embeddable":true,"href":"https:\/\/bassenuts.com\/fr\/wp-json\/wp\/v2\/media\/2926"}],"wp:attachment":[{"href":"https:\/\/bassenuts.com\/fr\/wp-json\/wp\/v2\/media?parent=1104"}],"wp:term":[{"taxonomy":"product-category","embeddable":true,"href":"https:\/\/bassenuts.com\/fr\/wp-json\/wp\/v2\/product-category?post=1104"}],"curies":[{"name":"wp","href":"https:\/\/api.w.org\/{rel}","templated":true}]}}