{"id":1103,"date":"2025-03-28T20:21:21","date_gmt":"2025-03-28T20:21:21","guid":{"rendered":"https:\/\/bassenuts.com\/product\/dill-pickle-flavoured-cashews\/"},"modified":"2025-06-05T05:14:44","modified_gmt":"2025-06-05T05:14:44","slug":"noix-de-cajou-a-saveur-de-cornichons-a-laneth-4","status":"publish","type":"product","link":"https:\/\/bassenuts.com\/fr\/product\/noix-de-cajou-a-saveur-de-cornichons-a-laneth-4\/","title":{"rendered":"NOIX DE CAJOU \u00c0 SAVEUR DE CORNICHONS \u00c0 L&rsquo;ANETH \u2013 908g"},"content":{"rendered":"\r\n<p>Les <strong><em>Noix de Cajou \u00e0 Saveur de Cornichons \u00e0 l&rsquo;Aneth<\/em><\/strong> de Bass\u00e9 sont un en-cas audacieux et savoureux. Leur saveur acidul\u00e9e, vinaigr\u00e9e et savoureuse en font une collation innoubliable.<\/p>\r\n","protected":false},"featured_media":2948,"template":"","product-category":[23],"class_list":["post-1103","product","type-product","status-publish","has-post-thumbnail","hentry","product-category-format-club"],"acf":[],"aioseo_notices":[],"_links":{"self":[{"href":"https:\/\/bassenuts.com\/fr\/wp-json\/wp\/v2\/product\/1103","targetHints":{"allow":["GET"]}}],"collection":[{"href":"https:\/\/bassenuts.com\/fr\/wp-json\/wp\/v2\/product"}],"about":[{"href":"https:\/\/bassenuts.com\/fr\/wp-json\/wp\/v2\/types\/product"}],"wp:featuredmedia":[{"embeddable":true,"href":"https:\/\/bassenuts.com\/fr\/wp-json\/wp\/v2\/media\/2948"}],"wp:attachment":[{"href":"https:\/\/bassenuts.com\/fr\/wp-json\/wp\/v2\/media?parent=1103"}],"wp:term":[{"taxonomy":"product-category","embeddable":true,"href":"https:\/\/bassenuts.com\/fr\/wp-json\/wp\/v2\/product-category?post=1103"}],"curies":[{"name":"wp","href":"https:\/\/api.w.org\/{rel}","templated":true}]}}