{"id":1101,"date":"2025-03-28T19:31:29","date_gmt":"2025-03-28T19:31:29","guid":{"rendered":"https:\/\/bassenuts.com\/product\/everything-bagel-seasoned-cashews\/"},"modified":"2025-06-05T07:21:33","modified_gmt":"2025-06-05T07:21:33","slug":"noix-de-cajou-a-lassaisionement-a-bagel-tout-garni-3","status":"publish","type":"product","link":"https:\/\/bassenuts.com\/fr\/product\/noix-de-cajou-a-lassaisionement-a-bagel-tout-garni-3\/","title":{"rendered":"NOIX DE CAJOU \u00c0 L&rsquo;ASSAISIONEMENT \u00c0 BAGEL TOUT GARNI \u2013 921g"},"content":{"rendered":"\r\n<p>L&#8217;embl\u00e9matique assaisonnement \u00e0 bagel tout garni se marie \u00e0 des noix de cajou r\u00f4ties pour cr\u00e9er les <strong><em>Noix de Cajou \u00e0 Assaisonnement \u00e0 Bagel Tout Garni<\/em><\/strong> de Bass\u00e9. D\u00e9licieuses \u00e0 d\u00e9guster en collation ou pour ajouter du croquant et de la saveur \u00e0 une salade.<\/p>\r\n","protected":false},"featured_media":3074,"template":"","product-category":[23],"class_list":["post-1101","product","type-product","status-publish","has-post-thumbnail","hentry","product-category-format-club"],"acf":[],"aioseo_notices":[],"_links":{"self":[{"href":"https:\/\/bassenuts.com\/fr\/wp-json\/wp\/v2\/product\/1101","targetHints":{"allow":["GET"]}}],"collection":[{"href":"https:\/\/bassenuts.com\/fr\/wp-json\/wp\/v2\/product"}],"about":[{"href":"https:\/\/bassenuts.com\/fr\/wp-json\/wp\/v2\/types\/product"}],"wp:featuredmedia":[{"embeddable":true,"href":"https:\/\/bassenuts.com\/fr\/wp-json\/wp\/v2\/media\/3074"}],"wp:attachment":[{"href":"https:\/\/bassenuts.com\/fr\/wp-json\/wp\/v2\/media?parent=1101"}],"wp:term":[{"taxonomy":"product-category","embeddable":true,"href":"https:\/\/bassenuts.com\/fr\/wp-json\/wp\/v2\/product-category?post=1101"}],"curies":[{"name":"wp","href":"https:\/\/api.w.org\/{rel}","templated":true}]}}