{"id":1100,"date":"2025-03-28T20:16:09","date_gmt":"2025-03-28T20:16:09","guid":{"rendered":"https:\/\/bassenuts.com\/product\/extreme-peanut-butter-mix\/"},"modified":"2025-06-05T07:25:24","modified_gmt":"2025-06-05T07:25:24","slug":"melange-beurre-darachide-extreme","status":"publish","type":"product","link":"https:\/\/bassenuts.com\/fr\/product\/melange-beurre-darachide-extreme\/","title":{"rendered":"M\u00c9LANGE BEURRE D&rsquo;ARACHIDE EXTR\u00caME"},"content":{"rendered":"\r\n<p>Le <strong><em>M\u00e9lange Beurre d&rsquo;Arachide Extr\u00eame<\/em><\/strong> de Bass\u00e9 est la version parfaite du classique sandwich au beurre d&rsquo;arachide et \u00e0 la confiture de votre enfance. Ce m\u00e9lange sucr\u00e9 et sal\u00e9 d&rsquo;arachides r\u00f4ties, pralin\u00e9es et au chocolat noir, de fraises s\u00e9ch\u00e9es, de coupes et de p\u00e9pites au beurre d&rsquo;arachide et de bretzels croquants est l&rsquo;en-cas ultime pour les amateurs d&rsquo;arachides.<\/p>\r\n","protected":false},"featured_media":3082,"template":"","product-category":[23],"class_list":["post-1100","product","type-product","status-publish","has-post-thumbnail","hentry","product-category-format-club"],"acf":[],"aioseo_notices":[],"_links":{"self":[{"href":"https:\/\/bassenuts.com\/fr\/wp-json\/wp\/v2\/product\/1100","targetHints":{"allow":["GET"]}}],"collection":[{"href":"https:\/\/bassenuts.com\/fr\/wp-json\/wp\/v2\/product"}],"about":[{"href":"https:\/\/bassenuts.com\/fr\/wp-json\/wp\/v2\/types\/product"}],"wp:featuredmedia":[{"embeddable":true,"href":"https:\/\/bassenuts.com\/fr\/wp-json\/wp\/v2\/media\/3082"}],"wp:attachment":[{"href":"https:\/\/bassenuts.com\/fr\/wp-json\/wp\/v2\/media?parent=1100"}],"wp:term":[{"taxonomy":"product-category","embeddable":true,"href":"https:\/\/bassenuts.com\/fr\/wp-json\/wp\/v2\/product-category?post=1100"}],"curies":[{"name":"wp","href":"https:\/\/api.w.org\/{rel}","templated":true}]}}