{"id":1099,"date":"2025-03-28T20:20:25","date_gmt":"2025-03-28T20:20:25","guid":{"rendered":"https:\/\/bassenuts.com\/product\/grazing-mix\/"},"modified":"2025-06-05T07:29:42","modified_gmt":"2025-06-05T07:29:42","slug":"melange-grazing","status":"publish","type":"product","link":"https:\/\/bassenuts.com\/fr\/product\/melange-grazing\/","title":{"rendered":"M\u00c9LANGE GRAZING"},"content":{"rendered":"\r\n<p>Le <strong><em>M\u00e9lange &lt;&lt;Grazing&gt;&gt;<\/em><\/strong> de Bass\u00e9 est une combinaison app\u00e9tissante de saveurs sucr\u00e9es, fum\u00e9es et \u00e9pic\u00e9es. Un m\u00e9lange d&rsquo;abricots s\u00e9ch\u00e9s, de noix de cajou au miel \u00e9pic\u00e9es, de bouch\u00e9es de fromage gouda fum\u00e9, de canneberges s\u00e9ch\u00e9es, de croustilles de s\u00e9same r\u00f4ties au miel \u00e9pic\u00e9es, d&rsquo;amandes pralin\u00e9es et de bretzels, id\u00e9al pour garnir un plateau de charcuteries savoureux.<\/p>\r\n","protected":false},"featured_media":3084,"template":"","product-category":[23],"class_list":["post-1099","product","type-product","status-publish","has-post-thumbnail","hentry","product-category-format-club"],"acf":[],"aioseo_notices":[],"_links":{"self":[{"href":"https:\/\/bassenuts.com\/fr\/wp-json\/wp\/v2\/product\/1099","targetHints":{"allow":["GET"]}}],"collection":[{"href":"https:\/\/bassenuts.com\/fr\/wp-json\/wp\/v2\/product"}],"about":[{"href":"https:\/\/bassenuts.com\/fr\/wp-json\/wp\/v2\/types\/product"}],"wp:featuredmedia":[{"embeddable":true,"href":"https:\/\/bassenuts.com\/fr\/wp-json\/wp\/v2\/media\/3084"}],"wp:attachment":[{"href":"https:\/\/bassenuts.com\/fr\/wp-json\/wp\/v2\/media?parent=1099"}],"wp:term":[{"taxonomy":"product-category","embeddable":true,"href":"https:\/\/bassenuts.com\/fr\/wp-json\/wp\/v2\/product-category?post=1099"}],"curies":[{"name":"wp","href":"https:\/\/api.w.org\/{rel}","templated":true}]}}