{"id":1098,"date":"2025-03-28T20:20:47","date_gmt":"2025-03-28T20:20:47","guid":{"rendered":"https:\/\/bassenuts.com\/product\/keto-krunch-mix\/"},"modified":"2025-06-05T07:33:35","modified_gmt":"2025-06-05T07:33:35","slug":"melange-keto-krunch","status":"publish","type":"product","link":"https:\/\/bassenuts.com\/fr\/product\/melange-keto-krunch\/","title":{"rendered":"M\u00c9LANGE KETO KRUNCH"},"content":{"rendered":"\r\n<p>Le <em><strong>M\u00e9lange Keto Krunch<\/strong><\/em> de Bass\u00e9 est une d\u00e9licieuse combinaison d&rsquo;amandes r\u00f4ties, de pacanes r\u00f4ties et de bouch\u00e9es de fromage cheddar. Une collation sans culpabilit\u00e9, la gourmandise id\u00e9ale pour un r\u00e9gime c\u00e9tog\u00e8ne.<\/p>\r\n","protected":false},"featured_media":3090,"template":"","product-category":[23],"class_list":["post-1098","product","type-product","status-publish","has-post-thumbnail","hentry","product-category-format-club"],"acf":[],"aioseo_notices":[],"_links":{"self":[{"href":"https:\/\/bassenuts.com\/fr\/wp-json\/wp\/v2\/product\/1098","targetHints":{"allow":["GET"]}}],"collection":[{"href":"https:\/\/bassenuts.com\/fr\/wp-json\/wp\/v2\/product"}],"about":[{"href":"https:\/\/bassenuts.com\/fr\/wp-json\/wp\/v2\/types\/product"}],"wp:featuredmedia":[{"embeddable":true,"href":"https:\/\/bassenuts.com\/fr\/wp-json\/wp\/v2\/media\/3090"}],"wp:attachment":[{"href":"https:\/\/bassenuts.com\/fr\/wp-json\/wp\/v2\/media?parent=1098"}],"wp:term":[{"taxonomy":"product-category","embeddable":true,"href":"https:\/\/bassenuts.com\/fr\/wp-json\/wp\/v2\/product-category?post=1098"}],"curies":[{"name":"wp","href":"https:\/\/api.w.org\/{rel}","templated":true}]}}