{"id":1097,"date":"2025-03-28T20:19:49","date_gmt":"2025-03-28T20:19:49","guid":{"rendered":"https:\/\/bassenuts.com\/product\/macadamia-nuts\/"},"modified":"2025-06-05T07:38:26","modified_gmt":"2025-06-05T07:38:26","slug":"noix-de-macadamia","status":"publish","type":"product","link":"https:\/\/bassenuts.com\/fr\/product\/noix-de-macadamia\/","title":{"rendered":"NOIX DE MACADAMIA"},"content":{"rendered":"\r\n<p>Les <em><strong>Noix de Macadamia r\u00f4ties \u00e0 sec et sal\u00e9es<\/strong><\/em> de Bass\u00e9 sont savoureuses et polyvalentes. Elles peuvent \u00eatre d\u00e9gust\u00e9es comme une collation toute simple ou m\u00e9lang\u00e9es \u00e0 des recettes de p\u00e2tisseries pour leur donner du croquant et de la saveur.\u00a0<\/p>\r\n","protected":false},"featured_media":3094,"template":"","product-category":[23],"class_list":["post-1097","product","type-product","status-publish","has-post-thumbnail","hentry","product-category-format-club"],"acf":[],"aioseo_notices":[],"_links":{"self":[{"href":"https:\/\/bassenuts.com\/fr\/wp-json\/wp\/v2\/product\/1097","targetHints":{"allow":["GET"]}}],"collection":[{"href":"https:\/\/bassenuts.com\/fr\/wp-json\/wp\/v2\/product"}],"about":[{"href":"https:\/\/bassenuts.com\/fr\/wp-json\/wp\/v2\/types\/product"}],"wp:featuredmedia":[{"embeddable":true,"href":"https:\/\/bassenuts.com\/fr\/wp-json\/wp\/v2\/media\/3094"}],"wp:attachment":[{"href":"https:\/\/bassenuts.com\/fr\/wp-json\/wp\/v2\/media?parent=1097"}],"wp:term":[{"taxonomy":"product-category","embeddable":true,"href":"https:\/\/bassenuts.com\/fr\/wp-json\/wp\/v2\/product-category?post=1097"}],"curies":[{"name":"wp","href":"https:\/\/api.w.org\/{rel}","templated":true}]}}