{"id":1096,"date":"2025-03-28T19:52:17","date_gmt":"2025-03-28T19:52:17","guid":{"rendered":"https:\/\/bassenuts.com\/product\/mountain-peak-mix\/"},"modified":"2025-06-05T08:46:06","modified_gmt":"2025-06-05T08:46:06","slug":"melange-du-sommet-2","status":"publish","type":"product","link":"https:\/\/bassenuts.com\/fr\/product\/melange-du-sommet-2\/","title":{"rendered":"M\u00c9LANGE DU SOMMET \u2013 672g"},"content":{"rendered":"\r\n<p>Le <em><strong>M\u00e9lange du Sommet<\/strong><\/em> de Bass\u00e9 est une combinaison d&rsquo;arachides, de raisins secs, de graines de tournesol et de citrouille, d&rsquo;amandes et de noix de cajou. Les raisins secs sucr\u00e9s et moelleux rencontrent la saveur riche des noix et des graines croquantes. Ce format offre 24 portions individuelles parfaitement dos\u00e9es, id\u00e9ales pour \u00eatre d\u00e9gust\u00e9es sur le pouce.\u00a0<\/p>\r\n","protected":false},"featured_media":3129,"template":"","product-category":[23],"class_list":["post-1096","product","type-product","status-publish","has-post-thumbnail","hentry","product-category-format-club"],"acf":[],"aioseo_notices":[],"_links":{"self":[{"href":"https:\/\/bassenuts.com\/fr\/wp-json\/wp\/v2\/product\/1096","targetHints":{"allow":["GET"]}}],"collection":[{"href":"https:\/\/bassenuts.com\/fr\/wp-json\/wp\/v2\/product"}],"about":[{"href":"https:\/\/bassenuts.com\/fr\/wp-json\/wp\/v2\/types\/product"}],"wp:featuredmedia":[{"embeddable":true,"href":"https:\/\/bassenuts.com\/fr\/wp-json\/wp\/v2\/media\/3129"}],"wp:attachment":[{"href":"https:\/\/bassenuts.com\/fr\/wp-json\/wp\/v2\/media?parent=1096"}],"wp:term":[{"taxonomy":"product-category","embeddable":true,"href":"https:\/\/bassenuts.com\/fr\/wp-json\/wp\/v2\/product-category?post=1096"}],"curies":[{"name":"wp","href":"https:\/\/api.w.org\/{rel}","templated":true}]}}