{"id":1095,"date":"2025-03-28T20:18:22","date_gmt":"2025-03-28T20:18:22","guid":{"rendered":"https:\/\/bassenuts.com\/product\/mesquite-barbecue-deluxe-nut-mix\/"},"modified":"2025-06-05T07:43:23","modified_gmt":"2025-06-05T07:43:23","slug":"melange-de-noix-de-luxe-barbecue-mesquite","status":"publish","type":"product","link":"https:\/\/bassenuts.com\/fr\/product\/melange-de-noix-de-luxe-barbecue-mesquite\/","title":{"rendered":"M\u00c9LANGE DE NOIX DE LUXE BARBECUE MESQUITE"},"content":{"rendered":"\r\n<p>Le <em><strong>M\u00e9lange de Noix de Luxe Barbecue Mesquite<\/strong><\/em> de Bass\u00e9 est une combinaison d\u00e9licieusement fum\u00e9e d&rsquo;amandes, d&rsquo;arachides, de noix de cajou, de noix de Grenoble et de pistaches, r\u00f4ties avec un assaisonnement barbecue au mesquite pour une saveur encore plus prononc\u00e9e.<\/p>\r\n","protected":false},"featured_media":3096,"template":"","product-category":[23],"class_list":["post-1095","product","type-product","status-publish","has-post-thumbnail","hentry","product-category-format-club"],"acf":[],"aioseo_notices":[],"_links":{"self":[{"href":"https:\/\/bassenuts.com\/fr\/wp-json\/wp\/v2\/product\/1095","targetHints":{"allow":["GET"]}}],"collection":[{"href":"https:\/\/bassenuts.com\/fr\/wp-json\/wp\/v2\/product"}],"about":[{"href":"https:\/\/bassenuts.com\/fr\/wp-json\/wp\/v2\/types\/product"}],"wp:featuredmedia":[{"embeddable":true,"href":"https:\/\/bassenuts.com\/fr\/wp-json\/wp\/v2\/media\/3096"}],"wp:attachment":[{"href":"https:\/\/bassenuts.com\/fr\/wp-json\/wp\/v2\/media?parent=1095"}],"wp:term":[{"taxonomy":"product-category","embeddable":true,"href":"https:\/\/bassenuts.com\/fr\/wp-json\/wp\/v2\/product-category?post=1095"}],"curies":[{"name":"wp","href":"https:\/\/api.w.org\/{rel}","templated":true}]}}