{"id":1094,"date":"2025-03-28T19:50:25","date_gmt":"2025-03-28T19:50:25","guid":{"rendered":"https:\/\/bassenuts.com\/product\/omega-power-mix\/"},"modified":"2025-06-05T08:51:34","modified_gmt":"2025-06-05T08:51:34","slug":"melange-de-puissance-omega-4","status":"publish","type":"product","link":"https:\/\/bassenuts.com\/fr\/product\/melange-de-puissance-omega-4\/","title":{"rendered":"M\u00c9LANGE DE PUISSANCE OM\u00c9GA \u2013 20 Pack"},"content":{"rendered":"\r\n<p>Le <strong><em>M\u00e9lange de Puissance Om\u00e9ga<\/em><\/strong> de Bass\u00e9 est une d\u00e9licieuse combinaison de canneberges, de raisins et de mangues s\u00e9ch\u00e9es, de noix de Grenoble croquantes et d&rsquo;amandes r\u00f4ties, emball\u00e9s en 20 portions individuelles parfaites \u00e0 d\u00e9guster sur le pouce.\u00a0\u00a0<\/p>\r\n","protected":false},"featured_media":3137,"template":"","product-category":[23],"class_list":["post-1094","product","type-product","status-publish","has-post-thumbnail","hentry","product-category-format-club"],"acf":[],"aioseo_notices":[],"_links":{"self":[{"href":"https:\/\/bassenuts.com\/fr\/wp-json\/wp\/v2\/product\/1094","targetHints":{"allow":["GET"]}}],"collection":[{"href":"https:\/\/bassenuts.com\/fr\/wp-json\/wp\/v2\/product"}],"about":[{"href":"https:\/\/bassenuts.com\/fr\/wp-json\/wp\/v2\/types\/product"}],"wp:featuredmedia":[{"embeddable":true,"href":"https:\/\/bassenuts.com\/fr\/wp-json\/wp\/v2\/media\/3137"}],"wp:attachment":[{"href":"https:\/\/bassenuts.com\/fr\/wp-json\/wp\/v2\/media?parent=1094"}],"wp:term":[{"taxonomy":"product-category","embeddable":true,"href":"https:\/\/bassenuts.com\/fr\/wp-json\/wp\/v2\/product-category?post=1094"}],"curies":[{"name":"wp","href":"https:\/\/api.w.org\/{rel}","templated":true}]}}