{"id":1092,"date":"2025-03-28T20:21:59","date_gmt":"2025-03-28T20:21:59","guid":{"rendered":"https:\/\/bassenuts.com\/product\/organic-pumpkin-seeds\/"},"modified":"2025-06-05T08:59:27","modified_gmt":"2025-06-05T08:59:27","slug":"graines-de-citrouille-biologiques","status":"publish","type":"product","link":"https:\/\/bassenuts.com\/fr\/product\/graines-de-citrouille-biologiques\/","title":{"rendered":"GRAINES DE CITROUILLE BIOLOGIQUES"},"content":{"rendered":"\r\n<p>Les <strong><em>Graines de Citrouille Biologiques<\/em><\/strong> de Bass\u00e9 sont un d\u00e9lice \u00e0 la fois savoureux et polyvalent. Elles sont parfaites pour \u00eatre d\u00e9gust\u00e9es en collation ou comme garniture sur une vari\u00e9t\u00e9 de plats.\u00a0<\/p>\r\n","protected":false},"featured_media":3149,"template":"","product-category":[23],"class_list":["post-1092","product","type-product","status-publish","has-post-thumbnail","hentry","product-category-format-club"],"acf":[],"aioseo_notices":[],"_links":{"self":[{"href":"https:\/\/bassenuts.com\/fr\/wp-json\/wp\/v2\/product\/1092","targetHints":{"allow":["GET"]}}],"collection":[{"href":"https:\/\/bassenuts.com\/fr\/wp-json\/wp\/v2\/product"}],"about":[{"href":"https:\/\/bassenuts.com\/fr\/wp-json\/wp\/v2\/types\/product"}],"wp:featuredmedia":[{"embeddable":true,"href":"https:\/\/bassenuts.com\/fr\/wp-json\/wp\/v2\/media\/3149"}],"wp:attachment":[{"href":"https:\/\/bassenuts.com\/fr\/wp-json\/wp\/v2\/media?parent=1092"}],"wp:term":[{"taxonomy":"product-category","embeddable":true,"href":"https:\/\/bassenuts.com\/fr\/wp-json\/wp\/v2\/product-category?post=1092"}],"curies":[{"name":"wp","href":"https:\/\/api.w.org\/{rel}","templated":true}]}}