{"id":1090,"date":"2025-03-28T20:18:05","date_gmt":"2025-03-28T20:18:05","guid":{"rendered":"https:\/\/bassenuts.com\/product\/praline-pecans\/"},"modified":"2025-06-05T11:04:41","modified_gmt":"2025-06-05T11:04:41","slug":"pacanes-pralinees","status":"publish","type":"product","link":"https:\/\/bassenuts.com\/fr\/product\/pacanes-pralinees\/","title":{"rendered":"PACANES PRALIN\u00c9ES"},"content":{"rendered":"\r\n<p>Les <em><strong>Pacanes Pralin\u00e9es<\/strong><\/em> de Bass\u00e9 sont d\u00e9licieusement croquantes et caram\u00e9lis\u00e9es. Ces pacanes peuvent \u00eatre d\u00e9gust\u00e9es comme collation ou utilis\u00e9es comme garniture de salades, de cr\u00e8me glac\u00e9e et de divers autres desserts et p\u00e2tisseries.\u00a0<\/p>\r\n","protected":false},"featured_media":3176,"template":"","product-category":[23],"class_list":["post-1090","product","type-product","status-publish","has-post-thumbnail","hentry","product-category-format-club"],"acf":[],"aioseo_notices":[],"_links":{"self":[{"href":"https:\/\/bassenuts.com\/fr\/wp-json\/wp\/v2\/product\/1090","targetHints":{"allow":["GET"]}}],"collection":[{"href":"https:\/\/bassenuts.com\/fr\/wp-json\/wp\/v2\/product"}],"about":[{"href":"https:\/\/bassenuts.com\/fr\/wp-json\/wp\/v2\/types\/product"}],"wp:featuredmedia":[{"embeddable":true,"href":"https:\/\/bassenuts.com\/fr\/wp-json\/wp\/v2\/media\/3176"}],"wp:attachment":[{"href":"https:\/\/bassenuts.com\/fr\/wp-json\/wp\/v2\/media?parent=1090"}],"wp:term":[{"taxonomy":"product-category","embeddable":true,"href":"https:\/\/bassenuts.com\/fr\/wp-json\/wp\/v2\/product-category?post=1090"}],"curies":[{"name":"wp","href":"https:\/\/api.w.org\/{rel}","templated":true}]}}