{"id":1089,"date":"2025-03-28T20:18:09","date_gmt":"2025-03-28T20:18:09","guid":{"rendered":"https:\/\/bassenuts.com\/product\/sweet-heat-snack-mix\/"},"modified":"2025-06-05T09:44:45","modified_gmt":"2025-06-05T09:44:45","slug":"melange-sucre-et-epice-2","status":"publish","type":"product","link":"https:\/\/bassenuts.com\/fr\/product\/melange-sucre-et-epice-2\/","title":{"rendered":"M\u00c9LANGE SUCR\u00c9 ET \u00c9PIC\u00c9 \u2013 908g"},"content":{"rendered":"\r\n<p>Le <em><strong>M\u00e9lange Sucr\u00e9 et \u00c9pic\u00e9<\/strong><\/em> de Bass\u00e9 est une combinaison fougueuse de saveurs sucr\u00e9es, sal\u00e9es et savoureuses. Ce m\u00e9lange r\u00e9unit les saveurs audacieuses d&rsquo;amandes assaisonn\u00e9es au miel \u00e9pic\u00e9 et de mangues \u00e9pic\u00e9es \u00e0 des b\u00e2tonnets de s\u00e9same et \u00e0 des amandes pralin\u00e9es sucr\u00e9es.\u00a0<\/p>\r\n","protected":false},"featured_media":3196,"template":"","product-category":[23],"class_list":["post-1089","product","type-product","status-publish","has-post-thumbnail","hentry","product-category-format-club"],"acf":[],"aioseo_notices":[],"_links":{"self":[{"href":"https:\/\/bassenuts.com\/fr\/wp-json\/wp\/v2\/product\/1089","targetHints":{"allow":["GET"]}}],"collection":[{"href":"https:\/\/bassenuts.com\/fr\/wp-json\/wp\/v2\/product"}],"about":[{"href":"https:\/\/bassenuts.com\/fr\/wp-json\/wp\/v2\/types\/product"}],"wp:featuredmedia":[{"embeddable":true,"href":"https:\/\/bassenuts.com\/fr\/wp-json\/wp\/v2\/media\/3196"}],"wp:attachment":[{"href":"https:\/\/bassenuts.com\/fr\/wp-json\/wp\/v2\/media?parent=1089"}],"wp:term":[{"taxonomy":"product-category","embeddable":true,"href":"https:\/\/bassenuts.com\/fr\/wp-json\/wp\/v2\/product-category?post=1089"}],"curies":[{"name":"wp","href":"https:\/\/api.w.org\/{rel}","templated":true}]}}