{"id":1088,"date":"2025-03-28T20:15:57","date_gmt":"2025-03-28T20:15:57","guid":{"rendered":"https:\/\/bassenuts.com\/product\/sliced-almonds\/"},"modified":"2025-06-05T09:38:48","modified_gmt":"2025-06-05T09:38:48","slug":"amandes-tranchees","status":"publish","type":"product","link":"https:\/\/bassenuts.com\/fr\/product\/amandes-tranchees\/","title":{"rendered":"AMANDES TRANCH\u00c9ES"},"content":{"rendered":"\r\n<p>Les <em><strong>Amandes Tranch\u00e9es<\/strong><\/em> de Bass\u00e9 sont la garniture parfaite pour une vari\u00e9t\u00e9 de plats et de recettes gourmandes. Elles peuvent \u00e9galement \u00eatre r\u00f4ties pour rehausser leur saveur et leur croquant.<\/p>\r\n","protected":false},"featured_media":3189,"template":"","product-category":[23],"class_list":["post-1088","product","type-product","status-publish","has-post-thumbnail","hentry","product-category-format-club"],"acf":[],"aioseo_notices":[],"_links":{"self":[{"href":"https:\/\/bassenuts.com\/fr\/wp-json\/wp\/v2\/product\/1088","targetHints":{"allow":["GET"]}}],"collection":[{"href":"https:\/\/bassenuts.com\/fr\/wp-json\/wp\/v2\/product"}],"about":[{"href":"https:\/\/bassenuts.com\/fr\/wp-json\/wp\/v2\/types\/product"}],"wp:featuredmedia":[{"embeddable":true,"href":"https:\/\/bassenuts.com\/fr\/wp-json\/wp\/v2\/media\/3189"}],"wp:attachment":[{"href":"https:\/\/bassenuts.com\/fr\/wp-json\/wp\/v2\/media?parent=1088"}],"wp:term":[{"taxonomy":"product-category","embeddable":true,"href":"https:\/\/bassenuts.com\/fr\/wp-json\/wp\/v2\/product-category?post=1088"}],"curies":[{"name":"wp","href":"https:\/\/api.w.org\/{rel}","templated":true}]}}