{"id":1087,"date":"2025-03-28T20:16:40","date_gmt":"2025-03-28T20:16:40","guid":{"rendered":"https:\/\/bassenuts.com\/product\/truffle-seasoned-deluxe-mixed-nuts\/"},"modified":"2025-06-05T09:47:20","modified_gmt":"2025-06-05T09:47:20","slug":"melange-de-noix-de-luxe-assaisonnees-a-la-truffe","status":"publish","type":"product","link":"https:\/\/bassenuts.com\/fr\/product\/melange-de-noix-de-luxe-assaisonnees-a-la-truffe\/","title":{"rendered":"M\u00c9LANGE DE NOIX DE LUXE ASSAISONN\u00c9ES \u00c0 LA TRUFFE"},"content":{"rendered":"\r\n<p>Le <strong><em>M\u00e9lange de Noix de Luxe Assaisonn\u00e9es \u00e0 la Truffe<\/em><\/strong> de Bass\u00e9 est une combinaison d&rsquo;amandes, de noix de cajou, de noix de macadamia, de pacanes et de pistaches assaisonn\u00e9es \u00e0 la truffe. La saveur riche et d\u00e9cadente en fait une collation id\u00e9ale \u00e0 savourer tout au long de la journ\u00e9e.<\/p>\r\n","protected":false},"featured_media":3201,"template":"","product-category":[23],"class_list":["post-1087","product","type-product","status-publish","has-post-thumbnail","hentry","product-category-format-club"],"acf":[],"aioseo_notices":[],"_links":{"self":[{"href":"https:\/\/bassenuts.com\/fr\/wp-json\/wp\/v2\/product\/1087","targetHints":{"allow":["GET"]}}],"collection":[{"href":"https:\/\/bassenuts.com\/fr\/wp-json\/wp\/v2\/product"}],"about":[{"href":"https:\/\/bassenuts.com\/fr\/wp-json\/wp\/v2\/types\/product"}],"wp:featuredmedia":[{"embeddable":true,"href":"https:\/\/bassenuts.com\/fr\/wp-json\/wp\/v2\/media\/3201"}],"wp:attachment":[{"href":"https:\/\/bassenuts.com\/fr\/wp-json\/wp\/v2\/media?parent=1087"}],"wp:term":[{"taxonomy":"product-category","embeddable":true,"href":"https:\/\/bassenuts.com\/fr\/wp-json\/wp\/v2\/product-category?post=1087"}],"curies":[{"name":"wp","href":"https:\/\/api.w.org\/{rel}","templated":true}]}}