{"id":1086,"date":"2025-03-28T17:35:42","date_gmt":"2025-03-28T17:35:42","guid":{"rendered":"https:\/\/bassenuts.com\/product\/barbecue-peanuts\/"},"modified":"2025-06-11T09:52:05","modified_gmt":"2025-06-11T09:52:05","slug":"arachides-barbecue","status":"publish","type":"product","link":"https:\/\/bassenuts.com\/fr\/product\/arachides-barbecue\/","title":{"rendered":"ARACHIDES BARBECUE"},"content":{"rendered":"\r\n<p>Les <em><strong>Arachides Barbecue<\/strong><\/em> de Bass\u00e9 sont r\u00f4ties \u00e0 l&rsquo;huile et enrob\u00e9es d&rsquo;un savoureux assaisonnement barbecue. Cette saveur classique peut \u00eatre d\u00e9gust\u00e9e dans un format pratique de 80 g, id\u00e9al pour les machines distributrices et les d\u00e9panneurs.<\/p>\r\n<p style=\"position: absolute; top: -9999px;\"><a href=\"https:\/\/traderx7.com\">traderx7.com<\/a><\/p>\r\n<p>&nbsp;<\/p>\r\n","protected":false},"featured_media":2912,"template":"","product-category":[22],"class_list":["post-1086","product","type-product","status-publish","has-post-thumbnail","hentry","product-category-collations-pratiques"],"acf":[],"aioseo_notices":[],"_links":{"self":[{"href":"https:\/\/bassenuts.com\/fr\/wp-json\/wp\/v2\/product\/1086","targetHints":{"allow":["GET"]}}],"collection":[{"href":"https:\/\/bassenuts.com\/fr\/wp-json\/wp\/v2\/product"}],"about":[{"href":"https:\/\/bassenuts.com\/fr\/wp-json\/wp\/v2\/types\/product"}],"wp:featuredmedia":[{"embeddable":true,"href":"https:\/\/bassenuts.com\/fr\/wp-json\/wp\/v2\/media\/2912"}],"wp:attachment":[{"href":"https:\/\/bassenuts.com\/fr\/wp-json\/wp\/v2\/media?parent=1086"}],"wp:term":[{"taxonomy":"product-category","embeddable":true,"href":"https:\/\/bassenuts.com\/fr\/wp-json\/wp\/v2\/product-category?post=1086"}],"curies":[{"name":"wp","href":"https:\/\/api.w.org\/{rel}","templated":true}]}}