{"id":1085,"date":"2025-03-28T17:40:21","date_gmt":"2025-03-28T17:40:21","guid":{"rendered":"https:\/\/bassenuts.com\/product\/classic-trail-mix\/"},"modified":"2025-06-05T05:05:16","modified_gmt":"2025-06-05T05:05:16","slug":"melange-randonnee-classique-2","status":"publish","type":"product","link":"https:\/\/bassenuts.com\/fr\/product\/melange-randonnee-classique-2\/","title":{"rendered":"M\u00c9LANGE RANDONN\u00c9E CLASSIQUE \u2013 80g"},"content":{"rendered":"\r\n<p>Le <strong><em>M\u00e9lange Randonn\u00e9e Classique<\/em><\/strong> de Bass\u00e9 est une combinaison simple et d\u00e9licieuse d&rsquo;arachides, d&rsquo;amandes, de raisins secs et de bonbons au chocolat. Cette collation peut \u00eatre d\u00e9gust\u00e9e dans un format pratique de 80 g, id\u00e9al pour les machines distributrices et les d\u00e9panneurs.<\/p>\r\n","protected":false},"featured_media":2936,"template":"","product-category":[22],"class_list":["post-1085","product","type-product","status-publish","has-post-thumbnail","hentry","product-category-collations-pratiques"],"acf":[],"aioseo_notices":[],"_links":{"self":[{"href":"https:\/\/bassenuts.com\/fr\/wp-json\/wp\/v2\/product\/1085","targetHints":{"allow":["GET"]}}],"collection":[{"href":"https:\/\/bassenuts.com\/fr\/wp-json\/wp\/v2\/product"}],"about":[{"href":"https:\/\/bassenuts.com\/fr\/wp-json\/wp\/v2\/types\/product"}],"wp:featuredmedia":[{"embeddable":true,"href":"https:\/\/bassenuts.com\/fr\/wp-json\/wp\/v2\/media\/2936"}],"wp:attachment":[{"href":"https:\/\/bassenuts.com\/fr\/wp-json\/wp\/v2\/media?parent=1085"}],"wp:term":[{"taxonomy":"product-category","embeddable":true,"href":"https:\/\/bassenuts.com\/fr\/wp-json\/wp\/v2\/product-category?post=1085"}],"curies":[{"name":"wp","href":"https:\/\/api.w.org\/{rel}","templated":true}]}}