{"id":1084,"date":"2025-03-28T17:45:01","date_gmt":"2025-03-28T17:45:01","guid":{"rendered":"https:\/\/bassenuts.com\/product\/dark-chocolatey-cranberry-mix\/"},"modified":"2025-06-05T05:10:54","modified_gmt":"2025-06-05T05:10:54","slug":"melange-chocolate-avec-canneberges","status":"publish","type":"product","link":"https:\/\/bassenuts.com\/fr\/product\/melange-chocolate-avec-canneberges\/","title":{"rendered":"M\u00c9LANGE CHOCOLAT\u00c9 AVEC CANNEBERGES \u2013 125g"},"content":{"rendered":"\r\n<p>Le <em><strong>M\u00e9lange Chocolat\u00e9 avec Canneberges<\/strong><\/em> de Bass\u00e9 est une combinaison harmonieuse d&rsquo;arachides, d&rsquo;amandes, de canneberges s\u00e9ch\u00e9es et de confiseries \u00e0 saveur de chocolat noir. La riche saveur des noix croquantes rencontre la texture sucr\u00e9e et moelleuse des canneberges s\u00e9ch\u00e9es, accompagn\u00e9e de l&rsquo;ar\u00f4me audacieux des confiseries \u00e0 saveur de chocolat noir. Cette collation peut \u00eatre d\u00e9gust\u00e9e dans un format pratique de 125 g, id\u00e9al pour les machines distributrices et les d\u00e9panneurs.<\/p>\r\n","protected":false},"featured_media":2942,"template":"","product-category":[22],"class_list":["post-1084","product","type-product","status-publish","has-post-thumbnail","hentry","product-category-collations-pratiques"],"acf":[],"aioseo_notices":[],"_links":{"self":[{"href":"https:\/\/bassenuts.com\/fr\/wp-json\/wp\/v2\/product\/1084","targetHints":{"allow":["GET"]}}],"collection":[{"href":"https:\/\/bassenuts.com\/fr\/wp-json\/wp\/v2\/product"}],"about":[{"href":"https:\/\/bassenuts.com\/fr\/wp-json\/wp\/v2\/types\/product"}],"wp:featuredmedia":[{"embeddable":true,"href":"https:\/\/bassenuts.com\/fr\/wp-json\/wp\/v2\/media\/2942"}],"wp:attachment":[{"href":"https:\/\/bassenuts.com\/fr\/wp-json\/wp\/v2\/media?parent=1084"}],"wp:term":[{"taxonomy":"product-category","embeddable":true,"href":"https:\/\/bassenuts.com\/fr\/wp-json\/wp\/v2\/product-category?post=1084"}],"curies":[{"name":"wp","href":"https:\/\/api.w.org\/{rel}","templated":true}]}}