{"id":1083,"date":"2025-03-28T17:34:30","date_gmt":"2025-03-28T17:34:30","guid":{"rendered":"https:\/\/bassenuts.com\/product\/dill-pickle-flavoured-cashews-3\/"},"modified":"2025-06-04T11:21:12","modified_gmt":"2025-06-04T11:21:12","slug":"noix-de-cajou-a-saveur-de-cornichons-a-laneth-2","status":"publish","type":"product","link":"https:\/\/bassenuts.com\/fr\/product\/noix-de-cajou-a-saveur-de-cornichons-a-laneth-2\/","title":{"rendered":"NOIX DE CAJOU \u00c0 SAVEUR DE CORNICHONS \u00c0 L&rsquo;ANETH \u2013 45g"},"content":{"rendered":"\r\n<p>Les Noix de Cajou \u00e0 Saveur de Cornichons \u00e0 l&rsquo;Aneth de Bass\u00e9 sont un en-cas audacieux et savoureux. Leur saveur acidul\u00e9e, vinaigr\u00e9e et savoureuse en font une collation innoubliable. Cette collation peut \u00eatre d\u00e9gust\u00e9e dans un format pratique de 45 g, id\u00e9al pour les machines distributrices et les d\u00e9panneurs.<\/p>\r\n","protected":false},"featured_media":2817,"template":"","product-category":[22],"class_list":["post-1083","product","type-product","status-publish","has-post-thumbnail","hentry","product-category-collations-pratiques"],"acf":[],"aioseo_notices":[],"_links":{"self":[{"href":"https:\/\/bassenuts.com\/fr\/wp-json\/wp\/v2\/product\/1083","targetHints":{"allow":["GET"]}}],"collection":[{"href":"https:\/\/bassenuts.com\/fr\/wp-json\/wp\/v2\/product"}],"about":[{"href":"https:\/\/bassenuts.com\/fr\/wp-json\/wp\/v2\/types\/product"}],"wp:featuredmedia":[{"embeddable":true,"href":"https:\/\/bassenuts.com\/fr\/wp-json\/wp\/v2\/media\/2817"}],"wp:attachment":[{"href":"https:\/\/bassenuts.com\/fr\/wp-json\/wp\/v2\/media?parent=1083"}],"wp:term":[{"taxonomy":"product-category","embeddable":true,"href":"https:\/\/bassenuts.com\/fr\/wp-json\/wp\/v2\/product-category?post=1083"}],"curies":[{"name":"wp","href":"https:\/\/api.w.org\/{rel}","templated":true}]}}