{"id":1082,"date":"2025-03-28T17:33:31","date_gmt":"2025-03-28T17:33:31","guid":{"rendered":"https:\/\/bassenuts.com\/product\/everything-bagel-seasoned-cashews-2\/"},"modified":"2025-06-04T11:28:00","modified_gmt":"2025-06-04T11:28:00","slug":"noix-de-cajou-a-lassaisionement-a-abegl-tout-garni","status":"publish","type":"product","link":"https:\/\/bassenuts.com\/fr\/product\/noix-de-cajou-a-lassaisionement-a-abegl-tout-garni\/","title":{"rendered":"NOIX DE CAJOU \u00c0 L\u2019ASSAISONNEMENT \u00c0 BAGEL TOUT GARNI \u2013 45g"},"content":{"rendered":"\r\n<p>L&#8217;embl\u00e9matique assaisonnement \u00e0 bagel tout garni se marie \u00e0 des <strong><em>noix de cajou r\u00f4ties pour cr\u00e9er les Noix de Cajou \u00e0 Assaisonnement \u00e0 Bagel Tout Garni<\/em><\/strong> de Bass\u00e9. D\u00e9licieuses \u00e0 d\u00e9guster en collation ou pour ajouter du croquant et de la saveur \u00e0 une salade. Cette collation peut \u00eatre d\u00e9gust\u00e9e dans un format pratique de 45 g, id\u00e9al pour les machines distributrices et les d\u00e9panneurs.<\/p>\r\n","protected":false},"featured_media":2825,"template":"","product-category":[22],"class_list":["post-1082","product","type-product","status-publish","has-post-thumbnail","hentry","product-category-collations-pratiques"],"acf":[],"aioseo_notices":[],"_links":{"self":[{"href":"https:\/\/bassenuts.com\/fr\/wp-json\/wp\/v2\/product\/1082","targetHints":{"allow":["GET"]}}],"collection":[{"href":"https:\/\/bassenuts.com\/fr\/wp-json\/wp\/v2\/product"}],"about":[{"href":"https:\/\/bassenuts.com\/fr\/wp-json\/wp\/v2\/types\/product"}],"wp:featuredmedia":[{"embeddable":true,"href":"https:\/\/bassenuts.com\/fr\/wp-json\/wp\/v2\/media\/2825"}],"wp:attachment":[{"href":"https:\/\/bassenuts.com\/fr\/wp-json\/wp\/v2\/media?parent=1082"}],"wp:term":[{"taxonomy":"product-category","embeddable":true,"href":"https:\/\/bassenuts.com\/fr\/wp-json\/wp\/v2\/product-category?post=1082"}],"curies":[{"name":"wp","href":"https:\/\/api.w.org\/{rel}","templated":true}]}}