{"id":1081,"date":"2025-03-28T17:59:16","date_gmt":"2025-03-28T17:59:16","guid":{"rendered":"https:\/\/bassenuts.com\/product\/mountain-peak-mix-2\/"},"modified":"2025-06-05T08:48:53","modified_gmt":"2025-06-05T08:48:53","slug":"melange-du-sommet","status":"publish","type":"product","link":"https:\/\/bassenuts.com\/fr\/product\/melange-du-sommet\/","title":{"rendered":"M\u00c9LANGE DU SOMMET \u2013 130g"},"content":{"rendered":"\r\n<p>Le <strong><em>M\u00e9lange du Sommet<\/em><\/strong> de Bass\u00e9 est une combinaison d&rsquo;arachides, de raisins secs, de graines de tournesol et de citrouille, d&rsquo;amandes et de noix de cajou. Les raisins secs sucr\u00e9s et moelleux rencontrent la saveur riche des noix et des graines croquantes. Cette collation peut \u00eatre d\u00e9gust\u00e9e dans un format pratique de 130 g, id\u00e9al pour les machines distributrices et les d\u00e9panneurs.<\/p>\r\n","protected":false},"featured_media":3133,"template":"","product-category":[22],"class_list":["post-1081","product","type-product","status-publish","has-post-thumbnail","hentry","product-category-collations-pratiques"],"acf":[],"aioseo_notices":[],"_links":{"self":[{"href":"https:\/\/bassenuts.com\/fr\/wp-json\/wp\/v2\/product\/1081","targetHints":{"allow":["GET"]}}],"collection":[{"href":"https:\/\/bassenuts.com\/fr\/wp-json\/wp\/v2\/product"}],"about":[{"href":"https:\/\/bassenuts.com\/fr\/wp-json\/wp\/v2\/types\/product"}],"wp:featuredmedia":[{"embeddable":true,"href":"https:\/\/bassenuts.com\/fr\/wp-json\/wp\/v2\/media\/3133"}],"wp:attachment":[{"href":"https:\/\/bassenuts.com\/fr\/wp-json\/wp\/v2\/media?parent=1081"}],"wp:term":[{"taxonomy":"product-category","embeddable":true,"href":"https:\/\/bassenuts.com\/fr\/wp-json\/wp\/v2\/product-category?post=1081"}],"curies":[{"name":"wp","href":"https:\/\/api.w.org\/{rel}","templated":true}]}}