{"id":1080,"date":"2025-03-28T17:32:07","date_gmt":"2025-03-28T17:32:07","guid":{"rendered":"https:\/\/bassenuts.com\/product\/omega-power-mix-3\/"},"modified":"2025-06-05T08:56:44","modified_gmt":"2025-06-05T08:56:44","slug":"melange-de-puissance-omega","status":"publish","type":"product","link":"https:\/\/bassenuts.com\/fr\/product\/melange-de-puissance-omega\/","title":{"rendered":"M\u00c9LANGE DE PUISSANCE OM\u00c9GA"},"content":{"rendered":"\r\n<p>Le <strong><em>M\u00e9lange de Puissance Om\u00e9ga<\/em><\/strong> de Bass\u00e9 est une d\u00e9licieuse combinaison de canneberges, de raisins et de mangues s\u00e9ch\u00e9es, de noix de Grenoble croquantes et d&rsquo;amandes r\u00f4ties. Cette collation peut \u00eatre d\u00e9gust\u00e9e dans un format pratique de 80 g, id\u00e9al pour les machines distributrices et les d\u00e9panneurs.<\/p>\r\n","protected":false},"featured_media":3145,"template":"","product-category":[22],"class_list":["post-1080","product","type-product","status-publish","has-post-thumbnail","hentry","product-category-collations-pratiques"],"acf":[],"aioseo_notices":[],"_links":{"self":[{"href":"https:\/\/bassenuts.com\/fr\/wp-json\/wp\/v2\/product\/1080","targetHints":{"allow":["GET"]}}],"collection":[{"href":"https:\/\/bassenuts.com\/fr\/wp-json\/wp\/v2\/product"}],"about":[{"href":"https:\/\/bassenuts.com\/fr\/wp-json\/wp\/v2\/types\/product"}],"wp:featuredmedia":[{"embeddable":true,"href":"https:\/\/bassenuts.com\/fr\/wp-json\/wp\/v2\/media\/3145"}],"wp:attachment":[{"href":"https:\/\/bassenuts.com\/fr\/wp-json\/wp\/v2\/media?parent=1080"}],"wp:term":[{"taxonomy":"product-category","embeddable":true,"href":"https:\/\/bassenuts.com\/fr\/wp-json\/wp\/v2\/product-category?post=1080"}],"curies":[{"name":"wp","href":"https:\/\/api.w.org\/{rel}","templated":true}]}}