{"id":1079,"date":"2025-03-28T18:07:56","date_gmt":"2025-03-28T18:07:56","guid":{"rendered":"https:\/\/bassenuts.com\/product\/peanut-lovers-mix\/"},"modified":"2025-06-05T09:04:28","modified_gmt":"2025-06-05T09:04:28","slug":"melange-amateur-darachides","status":"publish","type":"product","link":"https:\/\/bassenuts.com\/fr\/product\/melange-amateur-darachides\/","title":{"rendered":"M\u00c9LANGE AMATEUR D&rsquo;ARACHIDES \u2013 125g"},"content":{"rendered":"\r\n<p>Le <strong><em>M\u00e9lange Amateur d&rsquo;Arachides<\/em><\/strong> de Bass\u00e9 est une combinaison d&rsquo;arachides, de bretzels et de friandises de confiserie. Ce m\u00e9lange indulgent combine des arachides r\u00f4ties, au chocolat noir et pralin\u00e9es, ainsi que des bretzels, des coupes et des p\u00e9pites au beurre d&rsquo;arachide. Cette collation peut \u00eatre d\u00e9gust\u00e9e dans un format pratique de 80 g, id\u00e9al pour les machines distributrices et les d\u00e9panneurs.<\/p>\r\n","protected":false},"featured_media":3155,"template":"","product-category":[22],"class_list":["post-1079","product","type-product","status-publish","has-post-thumbnail","hentry","product-category-collations-pratiques"],"acf":[],"aioseo_notices":[],"_links":{"self":[{"href":"https:\/\/bassenuts.com\/fr\/wp-json\/wp\/v2\/product\/1079","targetHints":{"allow":["GET"]}}],"collection":[{"href":"https:\/\/bassenuts.com\/fr\/wp-json\/wp\/v2\/product"}],"about":[{"href":"https:\/\/bassenuts.com\/fr\/wp-json\/wp\/v2\/types\/product"}],"wp:featuredmedia":[{"embeddable":true,"href":"https:\/\/bassenuts.com\/fr\/wp-json\/wp\/v2\/media\/3155"}],"wp:attachment":[{"href":"https:\/\/bassenuts.com\/fr\/wp-json\/wp\/v2\/media?parent=1079"}],"wp:term":[{"taxonomy":"product-category","embeddable":true,"href":"https:\/\/bassenuts.com\/fr\/wp-json\/wp\/v2\/product-category?post=1079"}],"curies":[{"name":"wp","href":"https:\/\/api.w.org\/{rel}","templated":true}]}}