{"id":1078,"date":"2025-03-28T17:37:00","date_gmt":"2025-03-28T17:37:00","guid":{"rendered":"https:\/\/bassenuts.com\/product\/praline-peanuts\/"},"modified":"2025-06-04T11:33:28","modified_gmt":"2025-06-04T11:33:28","slug":"arachides-pralinees","status":"publish","type":"product","link":"https:\/\/bassenuts.com\/fr\/product\/arachides-pralinees\/","title":{"rendered":"ARACHIDES PRALIN\u00c9ES"},"content":{"rendered":"\r\n<p>Les <strong><em>Arachides Pralin\u00e9es<\/em><\/strong> de Bass\u00e9 sont une collation amusante et indulgente d&rsquo;arachides enrob\u00e9es d&rsquo;une couche sucr\u00e9e, croquante et caram\u00e9lis\u00e9e. Ces arachides peuvent \u00eatre d\u00e9gust\u00e9es dans un format pratique de 80 g, id\u00e9al pour les machines distributrices et les d\u00e9panneurs.<\/p>\r\n","protected":false},"featured_media":2827,"template":"","product-category":[22],"class_list":["post-1078","product","type-product","status-publish","has-post-thumbnail","hentry","product-category-collations-pratiques"],"acf":[],"aioseo_notices":[],"_links":{"self":[{"href":"https:\/\/bassenuts.com\/fr\/wp-json\/wp\/v2\/product\/1078","targetHints":{"allow":["GET"]}}],"collection":[{"href":"https:\/\/bassenuts.com\/fr\/wp-json\/wp\/v2\/product"}],"about":[{"href":"https:\/\/bassenuts.com\/fr\/wp-json\/wp\/v2\/types\/product"}],"wp:featuredmedia":[{"embeddable":true,"href":"https:\/\/bassenuts.com\/fr\/wp-json\/wp\/v2\/media\/2827"}],"wp:attachment":[{"href":"https:\/\/bassenuts.com\/fr\/wp-json\/wp\/v2\/media?parent=1078"}],"wp:term":[{"taxonomy":"product-category","embeddable":true,"href":"https:\/\/bassenuts.com\/fr\/wp-json\/wp\/v2\/product-category?post=1078"}],"curies":[{"name":"wp","href":"https:\/\/api.w.org\/{rel}","templated":true}]}}