{"id":1077,"date":"2025-03-28T17:38:06","date_gmt":"2025-03-28T17:38:06","guid":{"rendered":"https:\/\/bassenuts.com\/product\/salted-peanuts\/"},"modified":"2025-06-05T09:36:24","modified_gmt":"2025-06-05T09:36:24","slug":"arachides-salees","status":"publish","type":"product","link":"https:\/\/bassenuts.com\/fr\/product\/arachides-salees\/","title":{"rendered":"ARACHIDES SAL\u00c9ES"},"content":{"rendered":"\r\n<p>Les <strong><em>Arachides Sal\u00e9es <\/em><\/strong>Bass\u00e9, une collation classique et savoureuse qui peut \u00eatre d\u00e9gust\u00e9e dans un format pratique de 80 g, id\u00e9al pour les machines distributrices et les d\u00e9panneurs.<\/p>\r\n","protected":false},"featured_media":3183,"template":"","product-category":[22],"class_list":["post-1077","product","type-product","status-publish","has-post-thumbnail","hentry","product-category-collations-pratiques"],"acf":[],"aioseo_notices":[],"_links":{"self":[{"href":"https:\/\/bassenuts.com\/fr\/wp-json\/wp\/v2\/product\/1077","targetHints":{"allow":["GET"]}}],"collection":[{"href":"https:\/\/bassenuts.com\/fr\/wp-json\/wp\/v2\/product"}],"about":[{"href":"https:\/\/bassenuts.com\/fr\/wp-json\/wp\/v2\/types\/product"}],"wp:featuredmedia":[{"embeddable":true,"href":"https:\/\/bassenuts.com\/fr\/wp-json\/wp\/v2\/media\/3183"}],"wp:attachment":[{"href":"https:\/\/bassenuts.com\/fr\/wp-json\/wp\/v2\/media?parent=1077"}],"wp:term":[{"taxonomy":"product-category","embeddable":true,"href":"https:\/\/bassenuts.com\/fr\/wp-json\/wp\/v2\/product-category?post=1077"}],"curies":[{"name":"wp","href":"https:\/\/api.w.org\/{rel}","templated":true}]}}