{"id":1076,"date":"2025-03-28T18:29:01","date_gmt":"2025-03-28T18:29:01","guid":{"rendered":"https:\/\/bassenuts.com\/product\/dried-apricots\/"},"modified":"2025-06-04T08:31:42","modified_gmt":"2025-06-04T08:31:42","slug":"abrictos-seches","status":"publish","type":"product","link":"https:\/\/bassenuts.com\/fr\/product\/abrictos-seches\/","title":{"rendered":"ABRICOTS S\u00c9CH\u00c9S"},"content":{"rendered":"\r\n<p>Les <em><strong>Abricots S\u00e9ch\u00e9s<\/strong><\/em> de Bass\u00e9 sont une collation tendre et juteuse, d\u00e9bordante de saveur. Ils peuvent \u00eatre d\u00e9gust\u00e9s seuls ou utilis\u00e9s pour rehausser une vari\u00e9t\u00e9 de plats et de desserts.<\/p>\r\n","protected":false},"featured_media":2734,"template":"","product-category":[21],"class_list":["post-1076","product","type-product","status-publish","has-post-thumbnail","hentry","product-category-fruits-seches"],"acf":[],"aioseo_notices":[],"_links":{"self":[{"href":"https:\/\/bassenuts.com\/fr\/wp-json\/wp\/v2\/product\/1076","targetHints":{"allow":["GET"]}}],"collection":[{"href":"https:\/\/bassenuts.com\/fr\/wp-json\/wp\/v2\/product"}],"about":[{"href":"https:\/\/bassenuts.com\/fr\/wp-json\/wp\/v2\/types\/product"}],"wp:featuredmedia":[{"embeddable":true,"href":"https:\/\/bassenuts.com\/fr\/wp-json\/wp\/v2\/media\/2734"}],"wp:attachment":[{"href":"https:\/\/bassenuts.com\/fr\/wp-json\/wp\/v2\/media?parent=1076"}],"wp:term":[{"taxonomy":"product-category","embeddable":true,"href":"https:\/\/bassenuts.com\/fr\/wp-json\/wp\/v2\/product-category?post=1076"}],"curies":[{"name":"wp","href":"https:\/\/api.w.org\/{rel}","templated":true}]}}