{"id":1075,"date":"2025-03-28T18:40:42","date_gmt":"2025-03-28T18:40:42","guid":{"rendered":"https:\/\/bassenuts.com\/product\/dried-blueberries\/"},"modified":"2025-06-04T08:40:26","modified_gmt":"2025-06-04T08:40:26","slug":"bleuets-seches","status":"publish","type":"product","link":"https:\/\/bassenuts.com\/fr\/product\/bleuets-seches\/","title":{"rendered":"BLEUETS S\u00c9CH\u00c9S"},"content":{"rendered":"\r\n<p>Les <em><strong>Bleuets S\u00e9ch\u00e9s<\/strong><\/em> de Bass\u00e9 sont une friandise d\u00e9licieusement saine qui peut \u00eatre d\u00e9gust\u00e9e en collation ou utilis\u00e9e pour rehausser une vari\u00e9t\u00e9 de petits d\u00e9jeuners, de desserts et p\u00e2tisseries, ainsi que d&rsquo;autres recettes gourmandes.\u00a0<\/p>\r\n","protected":false},"featured_media":2738,"template":"","product-category":[21],"class_list":["post-1075","product","type-product","status-publish","has-post-thumbnail","hentry","product-category-fruits-seches"],"acf":[],"aioseo_notices":[],"_links":{"self":[{"href":"https:\/\/bassenuts.com\/fr\/wp-json\/wp\/v2\/product\/1075","targetHints":{"allow":["GET"]}}],"collection":[{"href":"https:\/\/bassenuts.com\/fr\/wp-json\/wp\/v2\/product"}],"about":[{"href":"https:\/\/bassenuts.com\/fr\/wp-json\/wp\/v2\/types\/product"}],"wp:featuredmedia":[{"embeddable":true,"href":"https:\/\/bassenuts.com\/fr\/wp-json\/wp\/v2\/media\/2738"}],"wp:attachment":[{"href":"https:\/\/bassenuts.com\/fr\/wp-json\/wp\/v2\/media?parent=1075"}],"wp:term":[{"taxonomy":"product-category","embeddable":true,"href":"https:\/\/bassenuts.com\/fr\/wp-json\/wp\/v2\/product-category?post=1075"}],"curies":[{"name":"wp","href":"https:\/\/api.w.org\/{rel}","templated":true}]}}