{"id":1074,"date":"2025-03-28T18:46:08","date_gmt":"2025-03-28T18:46:08","guid":{"rendered":"https:\/\/bassenuts.com\/product\/toasted-coconut-chips\/"},"modified":"2025-06-04T08:45:21","modified_gmt":"2025-06-04T08:45:21","slug":"croustilles-de-noix-de-coco","status":"publish","type":"product","link":"https:\/\/bassenuts.com\/fr\/product\/croustilles-de-noix-de-coco\/","title":{"rendered":"CROUSTILLES DE NOIX DE COCO"},"content":{"rendered":"\r\n<p>Les <strong><em>Croustilles de Noix de Coco<\/em><\/strong> de Bass\u00e9, r\u00f4ties et sucr\u00e9es, sont id\u00e9ales pour \u00eatre d\u00e9gust\u00e9es comme collation ou comme garniture pour divers plats, p\u00e2tisseries et recettes gourmandes.<\/p>\r\n\r\n\r\n","protected":false},"featured_media":2742,"template":"","product-category":[21],"class_list":["post-1074","product","type-product","status-publish","has-post-thumbnail","hentry","product-category-fruits-seches"],"acf":[],"aioseo_notices":[],"_links":{"self":[{"href":"https:\/\/bassenuts.com\/fr\/wp-json\/wp\/v2\/product\/1074","targetHints":{"allow":["GET"]}}],"collection":[{"href":"https:\/\/bassenuts.com\/fr\/wp-json\/wp\/v2\/product"}],"about":[{"href":"https:\/\/bassenuts.com\/fr\/wp-json\/wp\/v2\/types\/product"}],"wp:featuredmedia":[{"embeddable":true,"href":"https:\/\/bassenuts.com\/fr\/wp-json\/wp\/v2\/media\/2742"}],"wp:attachment":[{"href":"https:\/\/bassenuts.com\/fr\/wp-json\/wp\/v2\/media?parent=1074"}],"wp:term":[{"taxonomy":"product-category","embeddable":true,"href":"https:\/\/bassenuts.com\/fr\/wp-json\/wp\/v2\/product-category?post=1074"}],"curies":[{"name":"wp","href":"https:\/\/api.w.org\/{rel}","templated":true}]}}