{"id":1073,"date":"2025-03-28T18:52:42","date_gmt":"2025-03-28T18:52:42","guid":{"rendered":"https:\/\/bassenuts.com\/product\/dried-cranberries\/"},"modified":"2025-06-04T08:51:24","modified_gmt":"2025-06-04T08:51:24","slug":"canneberges-sechees-2","status":"publish","type":"product","link":"https:\/\/bassenuts.com\/fr\/product\/canneberges-sechees-2\/","title":{"rendered":"CANNEBERGES S\u00c9CH\u00c9ES \u2013 175g"},"content":{"rendered":"\r\n<p>Les <em><strong>Canneberges S\u00e9ch\u00e9es<\/strong><\/em> de Bass\u00e9 sont une friandise sucr\u00e9e et moelleuse. Elles sont id\u00e9ales pour \u00eatre d\u00e9gust\u00e9es comme collation ou utilis\u00e9es comme garniture pour une vari\u00e9t\u00e9 de plats, de p\u00e2tisseries et de m\u00e9langes \u00e0 grignoter faits maison.\u00a0<\/p>\r\n","protected":false},"featured_media":2746,"template":"","product-category":[21],"class_list":["post-1073","product","type-product","status-publish","has-post-thumbnail","hentry","product-category-fruits-seches"],"acf":[],"aioseo_notices":[],"_links":{"self":[{"href":"https:\/\/bassenuts.com\/fr\/wp-json\/wp\/v2\/product\/1073","targetHints":{"allow":["GET"]}}],"collection":[{"href":"https:\/\/bassenuts.com\/fr\/wp-json\/wp\/v2\/product"}],"about":[{"href":"https:\/\/bassenuts.com\/fr\/wp-json\/wp\/v2\/types\/product"}],"wp:featuredmedia":[{"embeddable":true,"href":"https:\/\/bassenuts.com\/fr\/wp-json\/wp\/v2\/media\/2746"}],"wp:attachment":[{"href":"https:\/\/bassenuts.com\/fr\/wp-json\/wp\/v2\/media?parent=1073"}],"wp:term":[{"taxonomy":"product-category","embeddable":true,"href":"https:\/\/bassenuts.com\/fr\/wp-json\/wp\/v2\/product-category?post=1073"}],"curies":[{"name":"wp","href":"https:\/\/api.w.org\/{rel}","templated":true}]}}