{"id":1071,"date":"2025-03-28T19:00:00","date_gmt":"2025-03-28T19:00:00","guid":{"rendered":"https:\/\/bassenuts.com\/product\/dried-figs\/"},"modified":"2025-06-04T09:13:15","modified_gmt":"2025-06-04T09:13:15","slug":"figues-sechees","status":"publish","type":"product","link":"https:\/\/bassenuts.com\/fr\/product\/figues-sechees\/","title":{"rendered":"FIGUES S\u00c9CH\u00c9ES"},"content":{"rendered":"\r\n<p>Les <em><strong>Figues S\u00e9ch\u00e9es<\/strong><\/em> de Bass\u00e9 sont un d\u00e9lice sucr\u00e9 et tendre. Elles peuvent \u00eatre d\u00e9gust\u00e9es seules ou ajout\u00e9es \u00e0 une vari\u00e9t\u00e9 de p\u00e2tisseries et de recettes gourmandes.<\/p>\r\n","protected":false},"featured_media":2764,"template":"","product-category":[21],"class_list":["post-1071","product","type-product","status-publish","has-post-thumbnail","hentry","product-category-fruits-seches"],"acf":[],"aioseo_notices":[],"_links":{"self":[{"href":"https:\/\/bassenuts.com\/fr\/wp-json\/wp\/v2\/product\/1071","targetHints":{"allow":["GET"]}}],"collection":[{"href":"https:\/\/bassenuts.com\/fr\/wp-json\/wp\/v2\/product"}],"about":[{"href":"https:\/\/bassenuts.com\/fr\/wp-json\/wp\/v2\/types\/product"}],"wp:featuredmedia":[{"embeddable":true,"href":"https:\/\/bassenuts.com\/fr\/wp-json\/wp\/v2\/media\/2764"}],"wp:attachment":[{"href":"https:\/\/bassenuts.com\/fr\/wp-json\/wp\/v2\/media?parent=1071"}],"wp:term":[{"taxonomy":"product-category","embeddable":true,"href":"https:\/\/bassenuts.com\/fr\/wp-json\/wp\/v2\/product-category?post=1071"}],"curies":[{"name":"wp","href":"https:\/\/api.w.org\/{rel}","templated":true}]}}